{"id":83,"date":"2021-06-17T17:24:25","date_gmt":"2021-06-17T20:24:25","guid":{"rendered":"https:\/\/designpordentro.com.br\/ava\/?page_id=83"},"modified":"2021-06-29T14:16:19","modified_gmt":"2021-06-29T17:16:19","slug":"posts-recentes","status":"publish","type":"page","link":"https:\/\/designpordentro.com.br\/ava\/posts-recentes\/","title":{"rendered":"Posts Recentes"},"content":{"rendered":"<ul class=\"wp-block-latest-posts__list wp-block-latest-posts\"><li><a class=\"wp-block-latest-posts__post-title\" href=\"https:\/\/designpordentro.com.br\/ava\/2023\/03\/06\/historia-de-sucesso-como-a-silvia-acertou-em-cheio-na-decoracao-em-tempo-recorde\/\">Hist\u00f3ria de sucesso: como a Silvia \u00a0acertou em cheio na decora\u00e7\u00e3o em tempo recorde<\/a><\/li>\n<li><a class=\"wp-block-latest-posts__post-title\" href=\"https:\/\/designpordentro.com.br\/ava\/2023\/03\/06\/crie-facilmente-uma-planta-baixa-e-teste-diversos-layouts-de-moveis\/\">Crie facilmente uma planta baixa e teste diversos layouts de m\u00f3veis<\/a><\/li>\n<li><a class=\"wp-block-latest-posts__post-title\" href=\"https:\/\/designpordentro.com.br\/ava\/2022\/10\/11\/detalhamento-de-moveis-e-importante\/\">Detalhamento de m\u00f3veis \u00e9 importante?<\/a><\/li>\n<li><a class=\"wp-block-latest-posts__post-title\" href=\"https:\/\/designpordentro.com.br\/ava\/2022\/09\/26\/o-paisagismo-vendeu-a-casa-do-roberto\/\">O paisagismo vendeu a casa do Roberto<\/a><\/li>\n<li><a class=\"wp-block-latest-posts__post-title\" href=\"https:\/\/designpordentro.com.br\/ava\/2022\/09\/21\/6-tecnicas-para-jardins-estreitos\/\">6 T\u00e9cnicas para Jardins Estreitos<\/a><\/li>\n<li><a class=\"wp-block-latest-posts__post-title\" href=\"https:\/\/designpordentro.com.br\/ava\/2021\/10\/20\/voce-e-sua-casa-estao-convidados\/\">Voc\u00ea e sua casa est\u00e3o convidados para uma oportunidade exclusiva!<\/a><\/li>\n<li><a class=\"wp-block-latest-posts__post-title\" href=\"https:\/\/designpordentro.com.br\/ava\/2021\/07\/07\/erro-comum-na-hora-de-detalhar-o-movel\/\">Voc\u00ea comete esse erro comum na hora de detalhar o m\u00f3vel?<\/a><\/li>\n<li><a class=\"wp-block-latest-posts__post-title\" href=\"https:\/\/designpordentro.com.br\/ava\/2021\/07\/07\/detalhes-que-estragam-o-profissionalismo-da-decoracao\/\">Detalhes que estragam o profissionalismo da decora\u00e7\u00e3o.<\/a><\/li>\n<li><a class=\"wp-block-latest-posts__post-title\" href=\"https:\/\/designpordentro.com.br\/ava\/2021\/07\/06\/nao-exagere-no-padrao-erros-comuns-na-hora-de-decorar\/\">N\u00e3o exagere na estampa- Erros comuns na hora de decorar.<\/a><\/li>\n<li><a class=\"wp-block-latest-posts__post-title\" href=\"https:\/\/designpordentro.com.br\/ava\/2021\/07\/06\/espaco-enfeites-e-adornos\/\">Mude o seu ambiente com o uso de adornos e enfeites na decora\u00e7\u00e3o<\/a><\/li>\n<li><a class=\"wp-block-latest-posts__post-title\" href=\"https:\/\/designpordentro.com.br\/ava\/2021\/07\/06\/quarto-pequeno\/\">Como deixar o seu quarto mais espa\u00e7oso e com personalidade.<\/a><\/li>\n<li><a class=\"wp-block-latest-posts__post-title\" href=\"https:\/\/designpordentro.com.br\/ava\/2021\/06\/26\/como-escolher-as-lampadas\/\">L\u00e2mpadas para todos os gostos<\/a><\/li>\n<li><a class=\"wp-block-latest-posts__post-title\" href=\"https:\/\/designpordentro.com.br\/ava\/2021\/06\/26\/cinco-erros-comuns-ao-decorar-a-casa\/\">Os Cinco Erros Mais Comuns ao Decorar a Casa!<\/a><\/li>\n<li><a class=\"wp-block-latest-posts__post-title\" href=\"https:\/\/designpordentro.com.br\/ava\/2021\/06\/24\/mude-a-decoracao-da-sua-casa-com-apenas-isso\/\">Mude a decora\u00e7\u00e3o da sua casa com apenas isso &#8230;<\/a><\/li>\n<li><a class=\"wp-block-latest-posts__post-title\" href=\"https:\/\/designpordentro.com.br\/ava\/2021\/06\/22\/precisamos-mais-do-que-nunca-da-nossa-casa\/\">Precisamos mais do que nunca da nossa casa.<\/a><\/li>\n<li><a class=\"wp-block-latest-posts__post-title\" href=\"https:\/\/designpordentro.com.br\/ava\/2021\/06\/22\/decoracao-com-confianca\/\">Qu\u00e3o confiante ?? voc\u00ea ficar\u00e1 na pr\u00f3xima vez que escolher pinturas, cortinas ou papel de parede? [\u00faltimo dia para economizar 40%]<\/a><\/li>\n<li><a class=\"wp-block-latest-posts__post-title\" href=\"https:\/\/designpordentro.com.br\/ava\/2021\/06\/22\/cor-e-a-maneira-mais-facil\/\">\u201cN\u00e3o sabia como conseguir um visual novo, usando o que j\u00e1 tenho\u201d<\/a><\/li>\n<li><a class=\"wp-block-latest-posts__post-title\" href=\"https:\/\/designpordentro.com.br\/ava\/2021\/06\/22\/cor-na-decoracao\/\">Por quanto tempo voc\u00ea vai ficar sem entender o esquema de cores para sua casa?<\/a><\/li>\n<li><a class=\"wp-block-latest-posts__post-title\" href=\"https:\/\/designpordentro.com.br\/ava\/2021\/06\/21\/personalidade-a-decoracao-da-sua-casa\/\">Como adicionar personalidade a uma casa<\/a><\/li>\n<li><a class=\"wp-block-latest-posts__post-title\" href=\"https:\/\/designpordentro.com.br\/ava\/2021\/06\/21\/erros-possiveis-ao-decorar-minha-casa\/\">Voc\u00ea est\u00e1 cometendo este erro na sua decora\u00e7\u00e3o? (Eu fiz tamb\u00e9m ??\u200d\u2640\ufe0f)<\/a><\/li>\n<li><a class=\"wp-block-latest-posts__post-title\" href=\"https:\/\/designpordentro.com.br\/ava\/2021\/06\/20\/tipo-de-iluminacao\/\">Toda casa precisa ter esses 3 tipos de ilumina\u00e7\u00e3o.<\/a><\/li>\n<li><a class=\"wp-block-latest-posts__post-title\" href=\"https:\/\/designpordentro.com.br\/ava\/2021\/06\/17\/o-segredo-para-escolher-estampas\/\">O segredo para escolher estampas<\/a><\/li>\n<li><a class=\"wp-block-latest-posts__post-title\" href=\"https:\/\/designpordentro.com.br\/ava\/2021\/06\/17\/ajeitar-a-sua-sala-cansada\/\">Eu estava conversando com uma amiga e isso me fez pensar &#8230;<\/a><\/li>\n<\/ul>","protected":false},"excerpt":{"rendered":"","protected":false},"author":1,"featured_media":0,"parent":0,"menu_order":0,"comment_status":"closed","ping_status":"closed","template":"","meta":{"_bbp_topic_count":0,"_bbp_reply_count":0,"_bbp_total_topic_count":0,"_bbp_total_reply_count":0,"_bbp_voice_count":0,"_bbp_anonymous_reply_count":0,"_bbp_topic_count_hidden":0,"_bbp_reply_count_hidden":0,"_bbp_forum_subforum_count":0,"footnotes":""},"featured_image_urls":{"full":"","thumbnail":"","medium":"","medium_large":"","large":"","1536x1536":"","2048x2048":"","mailpoet_newsletter_max":""},"post_excerpt_stackable":"<p>Hist\u00f3ria de sucesso: como a Silvia \u00a0acertou em cheio na decora\u00e7\u00e3o em tempo recorde Crie facilmente uma planta baixa e teste diversos layouts de m\u00f3veis Detalhamento de m\u00f3veis \u00e9 importante? O paisagismo vendeu a casa do Roberto 6 T\u00e9cnicas para Jardins Estreitos Voc\u00ea e sua casa est\u00e3o convidados para uma oportunidade exclusiva! Voc\u00ea comete esse erro comum na hora de detalhar o m\u00f3vel? Detalhes que estragam o profissionalismo da decora\u00e7\u00e3o. N\u00e3o exagere na estampa- Erros comuns na hora de decorar. Mude o seu ambiente com o uso de adornos e enfeites na decora\u00e7\u00e3o Como deixar o seu quarto mais espa\u00e7oso&hellip;<\/p>\n","category_list":"","author_info":{"name":"Dayane Comellini","url":"https:\/\/designpordentro.com.br\/ava\/author\/admin_designpordentro\/"},"comments_num":"0 coment\u00e1rio","featured_image_urls_v2":{"full":"","thumbnail":"","medium":"","medium_large":"","large":"","1536x1536":"","2048x2048":"","mailpoet_newsletter_max":""},"post_excerpt_stackable_v2":"<p>Hist\u00f3ria de sucesso: como a Silvia \u00a0acertou em cheio na decora\u00e7\u00e3o em tempo recorde Crie facilmente uma planta baixa e teste diversos layouts de m\u00f3veis Detalhamento de m\u00f3veis \u00e9 importante? O paisagismo vendeu a casa do Roberto 6 T\u00e9cnicas para Jardins Estreitos Voc\u00ea e sua casa est\u00e3o convidados para uma oportunidade exclusiva! Voc\u00ea comete esse erro comum na hora de detalhar o m\u00f3vel? Detalhes que estragam o profissionalismo da decora\u00e7\u00e3o. N\u00e3o exagere na estampa- Erros comuns na hora de decorar. Mude o seu ambiente com o uso de adornos e enfeites na decora\u00e7\u00e3o Como deixar o seu quarto mais espa\u00e7oso&hellip;<\/p>\n","category_list_v2":"","author_info_v2":{"name":"Dayane Comellini","url":"https:\/\/designpordentro.com.br\/ava\/author\/admin_designpordentro\/"},"comments_num_v2":"0 coment\u00e1rio","_links":{"self":[{"href":"https:\/\/designpordentro.com.br\/ava\/wp-json\/wp\/v2\/pages\/83"}],"collection":[{"href":"https:\/\/designpordentro.com.br\/ava\/wp-json\/wp\/v2\/pages"}],"about":[{"href":"https:\/\/designpordentro.com.br\/ava\/wp-json\/wp\/v2\/types\/page"}],"author":[{"embeddable":true,"href":"https:\/\/designpordentro.com.br\/ava\/wp-json\/wp\/v2\/users\/1"}],"replies":[{"embeddable":true,"href":"https:\/\/designpordentro.com.br\/ava\/wp-json\/wp\/v2\/comments?post=83"}],"version-history":[{"count":2,"href":"https:\/\/designpordentro.com.br\/ava\/wp-json\/wp\/v2\/pages\/83\/revisions"}],"predecessor-version":[{"id":269,"href":"https:\/\/designpordentro.com.br\/ava\/wp-json\/wp\/v2\/pages\/83\/revisions\/269"}],"wp:attachment":[{"href":"https:\/\/designpordentro.com.br\/ava\/wp-json\/wp\/v2\/media?parent=83"}],"curies":[{"name":"wp","href":"https:\/\/api.w.org\/{rel}","templated":true}]}}