{"id":9,"date":"2021-05-18T15:38:05","date_gmt":"2021-05-18T18:38:05","guid":{"rendered":"https:\/\/designpordentro.com.br\/loja\/minha-conta\/"},"modified":"2021-05-18T15:38:05","modified_gmt":"2021-05-18T18:38:05","slug":"minha-conta","status":"publish","type":"page","link":"https:\/\/designpordentro.com.br\/loja\/minha-conta\/","title":{"rendered":"Minha conta"},"content":{"rendered":"<div class=\"woocommerce\"><\/div>\n","protected":false},"excerpt":{"rendered":"","protected":false},"author":1,"featured_media":0,"parent":0,"menu_order":0,"comment_status":"closed","ping_status":"closed","template":"","meta":{"footnotes":""},"class_list":["post-9","page","type-page","status-publish","hentry"],"featured_image_urls_v2":{"full":"","thumbnail":"","medium":"","medium_large":"","large":"","1536x1536":"","2048x2048":"","woocommerce_thumbnail":"","woocommerce_single":"","woocommerce_gallery_thumbnail":""},"post_excerpt_stackable_v2":"","category_list_v2":"","author_info_v2":{"name":"Dayane Comellini","url":"https:\/\/designpordentro.com.br\/loja\/author\/admin_designpordentro\/"},"comments_num_v2":"0 coment\u00e1rio","yoast_head":"<!-- This site is optimized with the Yoast SEO plugin v27.3 - https:\/\/yoast.com\/product\/yoast-seo-wordpress\/ -->\n<title>Minha conta - Design por Dentro<\/title>\n<meta name=\"robots\" content=\"index, follow, max-snippet:-1, max-image-preview:large, max-video-preview:-1\" \/>\n<link rel=\"canonical\" href=\"https:\/\/designpordentro.com.br\/loja\/minha-conta\/\" \/>\n<meta property=\"og:locale\" content=\"pt_BR\" \/>\n<meta property=\"og:type\" content=\"article\" \/>\n<meta property=\"og:title\" content=\"Minha conta - Design por Dentro\" \/>\n<meta property=\"og:url\" content=\"https:\/\/designpordentro.com.br\/loja\/minha-conta\/\" \/>\n<meta property=\"og:site_name\" content=\"Design por Dentro\" \/>\n<meta name=\"twitter:card\" content=\"summary_large_image\" \/>\n<script type=\"application\/ld+json\" class=\"yoast-schema-graph\">{\"@context\":\"https:\\\/\\\/schema.org\",\"@graph\":[{\"@type\":\"WebPage\",\"@id\":\"https:\\\/\\\/designpordentro.com.br\\\/loja\\\/minha-conta\\\/\",\"url\":\"https:\\\/\\\/designpordentro.com.br\\\/loja\\\/minha-conta\\\/\",\"name\":\"Minha conta - Design por Dentro\",\"isPartOf\":{\"@id\":\"https:\\\/\\\/designpordentro.com.br\\\/loja\\\/#website\"},\"datePublished\":\"2021-05-18T18:38:05+00:00\",\"breadcrumb\":{\"@id\":\"https:\\\/\\\/designpordentro.com.br\\\/loja\\\/minha-conta\\\/#breadcrumb\"},\"inLanguage\":\"pt-BR\",\"potentialAction\":[{\"@type\":\"ReadAction\",\"target\":[\"https:\\\/\\\/designpordentro.com.br\\\/loja\\\/minha-conta\\\/\"]}]},{\"@type\":\"BreadcrumbList\",\"@id\":\"https:\\\/\\\/designpordentro.com.br\\\/loja\\\/minha-conta\\\/#breadcrumb\",\"itemListElement\":[{\"@type\":\"ListItem\",\"position\":1,\"name\":\"In\u00edcio\",\"item\":\"https:\\\/\\\/designpordentro.com.br\\\/loja\\\/\"},{\"@type\":\"ListItem\",\"position\":2,\"name\":\"Minha conta\"}]},{\"@type\":\"WebSite\",\"@id\":\"https:\\\/\\\/designpordentro.com.br\\\/loja\\\/#website\",\"url\":\"https:\\\/\\\/designpordentro.com.br\\\/loja\\\/\",\"name\":\"Design por Dentro\",\"description\":\"Levar conhecimento na \u00e1rea de decora\u00e7\u00e3o para voc\u00ea fazer melhores escolhas. Cursos e treinamento para os profissionais online  - Design Por Dentro Online\",\"publisher\":{\"@id\":\"https:\\\/\\\/designpordentro.com.br\\\/loja\\\/#organization\"},\"potentialAction\":[{\"@type\":\"SearchAction\",\"target\":{\"@type\":\"EntryPoint\",\"urlTemplate\":\"https:\\\/\\\/designpordentro.com.br\\\/loja\\\/?s={search_term_string}\"},\"query-input\":{\"@type\":\"PropertyValueSpecification\",\"valueRequired\":true,\"valueName\":\"search_term_string\"}}],\"inLanguage\":\"pt-BR\"},{\"@type\":\"Organization\",\"@id\":\"https:\\\/\\\/designpordentro.com.br\\\/loja\\\/#organization\",\"name\":\"Design por Dentro\",\"url\":\"https:\\\/\\\/designpordentro.com.br\\\/loja\\\/\",\"logo\":{\"@type\":\"ImageObject\",\"inLanguage\":\"pt-BR\",\"@id\":\"https:\\\/\\\/designpordentro.com.br\\\/loja\\\/#\\\/schema\\\/logo\\\/image\\\/\",\"url\":\"https:\\\/\\\/designpordentro.com.br\\\/loja\\\/wp-content\\\/uploads\\\/2021\\\/11\\\/cropped-Logo-DPD.png\",\"contentUrl\":\"https:\\\/\\\/designpordentro.com.br\\\/loja\\\/wp-content\\\/uploads\\\/2021\\\/11\\\/cropped-Logo-DPD.png\",\"width\":512,\"height\":512,\"caption\":\"Design por Dentro\"},\"image\":{\"@id\":\"https:\\\/\\\/designpordentro.com.br\\\/loja\\\/#\\\/schema\\\/logo\\\/image\\\/\"}}]}<\/script>\n<!-- \/ Yoast SEO plugin. -->","yoast_head_json":{"title":"Minha conta - Design por Dentro","robots":{"index":"index","follow":"follow","max-snippet":"max-snippet:-1","max-image-preview":"max-image-preview:large","max-video-preview":"max-video-preview:-1"},"canonical":"https:\/\/designpordentro.com.br\/loja\/minha-conta\/","og_locale":"pt_BR","og_type":"article","og_title":"Minha conta - Design por Dentro","og_url":"https:\/\/designpordentro.com.br\/loja\/minha-conta\/","og_site_name":"Design por Dentro","twitter_card":"summary_large_image","schema":{"@context":"https:\/\/schema.org","@graph":[{"@type":"WebPage","@id":"https:\/\/designpordentro.com.br\/loja\/minha-conta\/","url":"https:\/\/designpordentro.com.br\/loja\/minha-conta\/","name":"Minha conta - Design por Dentro","isPartOf":{"@id":"https:\/\/designpordentro.com.br\/loja\/#website"},"datePublished":"2021-05-18T18:38:05+00:00","breadcrumb":{"@id":"https:\/\/designpordentro.com.br\/loja\/minha-conta\/#breadcrumb"},"inLanguage":"pt-BR","potentialAction":[{"@type":"ReadAction","target":["https:\/\/designpordentro.com.br\/loja\/minha-conta\/"]}]},{"@type":"BreadcrumbList","@id":"https:\/\/designpordentro.com.br\/loja\/minha-conta\/#breadcrumb","itemListElement":[{"@type":"ListItem","position":1,"name":"In\u00edcio","item":"https:\/\/designpordentro.com.br\/loja\/"},{"@type":"ListItem","position":2,"name":"Minha conta"}]},{"@type":"WebSite","@id":"https:\/\/designpordentro.com.br\/loja\/#website","url":"https:\/\/designpordentro.com.br\/loja\/","name":"Design por Dentro","description":"Levar conhecimento na \u00e1rea de decora\u00e7\u00e3o para voc\u00ea fazer melhores escolhas. Cursos e treinamento para os profissionais online  - Design Por Dentro Online","publisher":{"@id":"https:\/\/designpordentro.com.br\/loja\/#organization"},"potentialAction":[{"@type":"SearchAction","target":{"@type":"EntryPoint","urlTemplate":"https:\/\/designpordentro.com.br\/loja\/?s={search_term_string}"},"query-input":{"@type":"PropertyValueSpecification","valueRequired":true,"valueName":"search_term_string"}}],"inLanguage":"pt-BR"},{"@type":"Organization","@id":"https:\/\/designpordentro.com.br\/loja\/#organization","name":"Design por Dentro","url":"https:\/\/designpordentro.com.br\/loja\/","logo":{"@type":"ImageObject","inLanguage":"pt-BR","@id":"https:\/\/designpordentro.com.br\/loja\/#\/schema\/logo\/image\/","url":"https:\/\/designpordentro.com.br\/loja\/wp-content\/uploads\/2021\/11\/cropped-Logo-DPD.png","contentUrl":"https:\/\/designpordentro.com.br\/loja\/wp-content\/uploads\/2021\/11\/cropped-Logo-DPD.png","width":512,"height":512,"caption":"Design por Dentro"},"image":{"@id":"https:\/\/designpordentro.com.br\/loja\/#\/schema\/logo\/image\/"}}]}},"_links":{"self":[{"href":"https:\/\/designpordentro.com.br\/loja\/wp-json\/wp\/v2\/pages\/9","targetHints":{"allow":["GET"]}}],"collection":[{"href":"https:\/\/designpordentro.com.br\/loja\/wp-json\/wp\/v2\/pages"}],"about":[{"href":"https:\/\/designpordentro.com.br\/loja\/wp-json\/wp\/v2\/types\/page"}],"author":[{"embeddable":true,"href":"https:\/\/designpordentro.com.br\/loja\/wp-json\/wp\/v2\/users\/1"}],"replies":[{"embeddable":true,"href":"https:\/\/designpordentro.com.br\/loja\/wp-json\/wp\/v2\/comments?post=9"}],"version-history":[{"count":0,"href":"https:\/\/designpordentro.com.br\/loja\/wp-json\/wp\/v2\/pages\/9\/revisions"}],"wp:attachment":[{"href":"https:\/\/designpordentro.com.br\/loja\/wp-json\/wp\/v2\/media?parent=9"}],"curies":[{"name":"wp","href":"https:\/\/api.w.org\/{rel}","templated":true}]}}