{"id":100,"date":"2024-08-13T15:14:54","date_gmt":"2024-08-13T18:14:54","guid":{"rendered":"https:\/\/designpordentro.com.br\/loja\/?post_type=product&#038;p=100"},"modified":"2026-01-08T16:18:08","modified_gmt":"2026-01-08T19:18:08","slug":"curso-de-decoracao-de-ambientes","status":"publish","type":"product","link":"https:\/\/designpordentro.com.br\/loja\/produto\/curso-de-decoracao-de-ambientes\/","title":{"rendered":"Curso Decora\u00e7\u00e3o de Ambientes"},"content":{"rendered":"<p><span class=\"hotpay-list-item-text\" data-v-72575cf9=\"\">Projetado para colocar voc\u00ea em a\u00e7\u00e3o rapidamente, este curso de decora\u00e7\u00e3o de ambientes completo vai te ajudar a criar e executar a sua decora\u00e7\u00e3o passo a passo conforme as suas necessidades e ao seu or\u00e7amento.<\/span><\/p>\n<ul class=\"hotpay-list-unordered unordered\" data-v-7082143e=\"\" data-v-7922c646=\"\">\n<li class=\"hotpay-list-item\" data-v-72575cf9=\"\" data-v-7082143e=\"\"><span class=\"hotpay-list-item-text\" data-v-72575cf9=\"\">7 temas, ricos em exemplos visuais f\u00e1ceis de entender e aplicar em sua casa.<\/span><\/li>\n<li data-v-72575cf9=\"\" data-v-7082143e=\"\">7 Video Aulas<\/li>\n<li class=\"hotpay-list-item\" data-v-72575cf9=\"\" data-v-7082143e=\"\"><span class=\"hotpay-list-item-text\" data-v-72575cf9=\"\">Planilhas, materiais para impress\u00e3o e guias para tomada de decis\u00e3o \u201cFa\u00e7a isso\u201d para agilizar seu pensamento e ajud\u00e1-lo a se sentir confiante em suas escolhas de decora\u00e7\u00e3o, c\u00f4modo por c\u00f4modo e em toda a sua casa.<\/span><\/li>\n<\/ul>\n<p><strong>Temas:<\/strong><\/p>\n<ul>\n<li>Como planejar a decora\u00e7\u00e3o do seu espa\u00e7o<\/li>\n<li>Mapeamento do Processo de decorar<\/li>\n<li>Como distribuir os m\u00f3veis no ambiente<\/li>\n<li>Qual atmosfera o ambiente ter\u00e1<\/li>\n<li>Como definir a paleta de cores<\/li>\n<li>Toques finais e adornos<\/li>\n<li>Materializando a decora\u00e7\u00e3o<\/li>\n<li>Planilha de gastos\/or\u00e7amento<\/li>\n<\/ul>\n<p><strong>O que voc\u00ea ter\u00e1\u00a0<\/strong><br \/>\n&#8211; Material ricamente ilustrado com mais de 120 p\u00e1ginas de muito conte\u00fado<br \/>\n&#8211; 7 V\u00eddeo aulas<br \/>\n\u2013 Fichas de Trabalho para de fato, colocar a m\u00e3o na massa<br \/>\n\u2013 Planilha para organizar suas compras, reforma e m\u00e3o de obra<\/p>\n<p><strong>6 B\u00f4nus incr\u00edveis para elevar ainda mais sua decora\u00e7\u00e3o:<\/strong><br \/>\n&#8211; Como fazer moodboard para acertar nas apresenta\u00e7\u00f5es<br \/>\n&#8211; Como deixar o ambiente ainda mais atraente atrav\u00e9s da ilumina\u00e7\u00e3o ideal<br \/>\n&#8211; 10 Formas assertivas de dispor os m\u00f3veis no espa\u00e7o<br \/>\n&#8211; Guia dos 7 princ\u00edpios da Decora\u00e7\u00e3o. Dessa forma, voc\u00ea saber\u00e1 exatamente como colocar todos os elementos no ambiente, de forma harmoniosa.<br \/>\n&#8211; Como aplicar as medidas corretas, assim voc\u00ea n\u00e3o vai errar na propor\u00e7\u00e3o.<br \/>\n&#8211; Como escolher a paleta de cores para cada ambiente com truques e dicas.<\/p>\n<p><strong>Dura\u00e7\u00e3o \/ Tempo de acesso:<\/strong> 1 ano<br \/>\nCarga hor\u00e1ria: 30h<br \/>\nCertificado de conclus\u00e3o<\/p>\n<p>A primeira semana do curso \u00e9 direcionada para conhecimento da plataforma e estudo inicial de algumas aulas, na segunda semana todo o curso\/conte\u00fado estar\u00e1 liberado para estudo.<\/p>\n<div style=\"display: none;\" class=\"crellyslider-slider crellyslider-slider-full-width crellyslider-slider-coment\u00e1rio_guia_decora\u00e7\u00e3o crellyslider-6\" id=\"crellyslider-6\">\n<ul>\n<li\nstyle=\"\nbackground-color: transparent;\nbackground-image: url('https:\/\/designpordentro.com.br\/loja\/wp-content\/uploads\/2022\/04\/Guia-de-Decoracao-de-Interiores-Cristiane_02.png');\nbackground-position: center center;\nbackground-repeat: no-repeat;\nbackground-size: contain;\n\n\"\ndata-in=\"fade\"\ndata-ease-in=\"300\"\ndata-out=\"fade\"\ndata-ease-out=\"300\"\ndata-time=\"3000\"\n>\n<\/li>\n<li\nstyle=\"\nbackground-color: transparent;\nbackground-image: url('https:\/\/designpordentro.com.br\/loja\/wp-content\/uploads\/2022\/04\/Guia-de-Decoracao-de-Interiores-Italo_02.png');\nbackground-position: center center;\nbackground-repeat: no-repeat;\nbackground-size: contain;\n\n\"\ndata-in=\"fade\"\ndata-ease-in=\"300\"\ndata-out=\"fade\"\ndata-ease-out=\"300\"\ndata-time=\"3000\"\n>\n<\/li>\n<li\nstyle=\"\nbackground-color: transparent;\nbackground-image: url('https:\/\/designpordentro.com.br\/loja\/wp-content\/uploads\/2022\/04\/Guia-de-Decoracao-de-Interiores-Patricia_02.png');\nbackground-position: center center;\nbackground-repeat: no-repeat;\nbackground-size: contain;\n\n\"\ndata-in=\"fade\"\ndata-ease-in=\"300\"\ndata-out=\"fade\"\ndata-ease-out=\"300\"\ndata-time=\"3000\"\n>\n<\/li>\n<\/ul>\n<\/div>\n<script type=\"text\/javascript\">\n(function($) {\n$(document).ready(function() {\n$(\"#crellyslider-6\").crellySlider({\nlayout: 'full-width',\nresponsive: 1,\nstartWidth: 1140,\nstartHeight: 500,\nautomaticSlide: 1,\nshowControls: 1,\nshowNavigation: 1,\nenableSwipe: 1,\nshowProgressBar: 1,\npauseOnHover: 1,\nrandomOrder: 0,\nstartFromSlide: 0,\nbeforeStart : function() {},\nbeforeSetResponsive : function() {},\nbeforeSlideStart : function() {},\nbeforePause\t: function() {},\nbeforeResume : function() {},\n});\n});\n})(jQuery);\n<\/script>\n\n<p><span style=\"color: #999999;\">Com este curso de decora\u00e7\u00e3o de ambientes, voc\u00ea vai arrasar em seus projetos. Ent\u00e3o, porque perder mais tempo? Matricule-se j\u00e1!<\/span><\/p>\n","protected":false},"excerpt":{"rendered":"<p>Acesse o ebook do curso\u00a0 &gt; <a href=\"https:\/\/designpordentro.com.br\/loja\/wp-content\/uploads\/2024\/03\/EBOOK-DPD-CURSO-DE-DECORACAO.pdf\" target=\"_blank\" rel=\"noopener\">aqui<\/a> &lt;<\/p>\n","protected":false},"featured_media":1160,"comment_status":"open","ping_status":"closed","template":"","meta":[],"product_brand":[],"product_cat":[78,82],"product_tag":[149,147,118,19,150,106,103,148,146],"class_list":{"0":"post-100","1":"product","2":"type-product","3":"status-publish","4":"has-post-thumbnail","6":"product_cat-decoracao","7":"product_cat-projetoplanejamento","8":"product_tag-acessorios","9":"product_tag-cortinas","10":"product_tag-curso-de-decoracao","11":"product_tag-decoracao","12":"product_tag-distribuicao-de-mobiliario","13":"product_tag-moodboard","14":"product_tag-moveis","15":"product_tag-tapetes","16":"product_tag-texturas","18":"first","19":"instock","20":"sold-individually","21":"shipping-taxable","22":"purchasable","23":"product-type-simple"},"featured_image_urls_v2":{"full":["https:\/\/designpordentro.com.br\/loja\/wp-content\/uploads\/2021\/06\/Curso-Decoracao-de-Ambientes.png",601,601,false],"thumbnail":["https:\/\/designpordentro.com.br\/loja\/wp-content\/uploads\/2021\/06\/Curso-Decoracao-de-Ambientes-150x150.png",150,150,true],"medium":["https:\/\/designpordentro.com.br\/loja\/wp-content\/uploads\/2021\/06\/Curso-Decoracao-de-Ambientes-300x300.png",300,300,true],"medium_large":["https:\/\/designpordentro.com.br\/loja\/wp-content\/uploads\/2021\/06\/Curso-Decoracao-de-Ambientes.png",601,601,false],"large":["https:\/\/designpordentro.com.br\/loja\/wp-content\/uploads\/2021\/06\/Curso-Decoracao-de-Ambientes.png",601,601,false],"1536x1536":["https:\/\/designpordentro.com.br\/loja\/wp-content\/uploads\/2021\/06\/Curso-Decoracao-de-Ambientes.png",601,601,false],"2048x2048":["https:\/\/designpordentro.com.br\/loja\/wp-content\/uploads\/2021\/06\/Curso-Decoracao-de-Ambientes.png",601,601,false],"woocommerce_thumbnail":["https:\/\/designpordentro.com.br\/loja\/wp-content\/uploads\/2021\/06\/Curso-Decoracao-de-Ambientes-324x324.png",324,324,true],"woocommerce_single":["https:\/\/designpordentro.com.br\/loja\/wp-content\/uploads\/2021\/06\/Curso-Decoracao-de-Ambientes-416x416.png",416,416,true],"woocommerce_gallery_thumbnail":["https:\/\/designpordentro.com.br\/loja\/wp-content\/uploads\/2021\/06\/Curso-Decoracao-de-Ambientes-100x100.png",100,100,true]},"post_excerpt_stackable_v2":"<p>Acesse o ebook do curso\u00a0 &gt; <a href=\"https:\/\/designpordentro.com.br\/loja\/wp-content\/uploads\/2024\/03\/EBOOK-DPD-CURSO-DE-DECORACAO.pdf\" target=\"_blank\" rel=\"noopener\">aqui<\/a> &lt;<\/p>\n","category_list_v2":"","author_info_v2":{"name":"","url":""},"comments_num_v2":"47 coment\u00e1rios","yoast_head":"<!-- This site is optimized with the Yoast SEO plugin v27.6 - https:\/\/yoast.com\/product\/yoast-seo-wordpress\/ -->\n<title>Este Curso de Decora\u00e7\u00e3o de Ambientes vai te ajudar a criar<\/title>\n<meta name=\"description\" content=\"Curso de Decora\u00e7\u00e3o de Ambientes - vai te ajudar a criar e executar a decora\u00e7\u00e3o conforme as suas necessidades e ao seu or\u00e7amento.\" \/>\n<meta name=\"robots\" content=\"index, follow, max-snippet:-1, max-image-preview:large, max-video-preview:-1\" \/>\n<link rel=\"canonical\" href=\"https:\/\/designpordentro.com.br\/loja\/produto\/curso-de-decoracao-de-ambientes\/\" \/>\n<meta property=\"og:locale\" content=\"pt_BR\" \/>\n<meta property=\"og:type\" content=\"article\" \/>\n<meta property=\"og:title\" content=\"Este Curso de Decora\u00e7\u00e3o de Ambientes vai te ajudar a criar\" \/>\n<meta property=\"og:description\" content=\"Curso de Decora\u00e7\u00e3o de Ambientes - vai te ajudar a criar e executar a decora\u00e7\u00e3o conforme as suas necessidades e ao seu or\u00e7amento.\" \/>\n<meta property=\"og:url\" content=\"https:\/\/designpordentro.com.br\/loja\/produto\/curso-de-decoracao-de-ambientes\/\" \/>\n<meta property=\"og:site_name\" content=\"Design por Dentro\" \/>\n<meta property=\"article:modified_time\" content=\"2026-01-08T19:18:08+00:00\" \/>\n<meta property=\"og:image\" content=\"https:\/\/designpordentro.com.br\/loja\/wp-content\/uploads\/2021\/06\/Curso-Decoracao-de-Ambientes.png\" \/>\n\t<meta property=\"og:image:width\" content=\"601\" \/>\n\t<meta property=\"og:image:height\" content=\"601\" \/>\n\t<meta property=\"og:image:type\" content=\"image\/png\" \/>\n<meta name=\"twitter:card\" content=\"summary_large_image\" \/>\n<meta name=\"twitter:label1\" content=\"Est. tempo de leitura\" \/>\n\t<meta name=\"twitter:data1\" content=\"2 minutos\" \/>\n<script type=\"application\/ld+json\" class=\"yoast-schema-graph\">{\"@context\":\"https:\\\/\\\/schema.org\",\"@graph\":[{\"@type\":\"WebPage\",\"@id\":\"https:\\\/\\\/designpordentro.com.br\\\/loja\\\/produto\\\/curso-de-decoracao-de-ambientes\\\/\",\"url\":\"https:\\\/\\\/designpordentro.com.br\\\/loja\\\/produto\\\/curso-de-decoracao-de-ambientes\\\/\",\"name\":\"Este Curso de Decora\u00e7\u00e3o de Ambientes vai te ajudar a criar\",\"isPartOf\":{\"@id\":\"https:\\\/\\\/designpordentro.com.br\\\/loja\\\/#website\"},\"primaryImageOfPage\":{\"@id\":\"https:\\\/\\\/designpordentro.com.br\\\/loja\\\/produto\\\/curso-de-decoracao-de-ambientes\\\/#primaryimage\"},\"image\":{\"@id\":\"https:\\\/\\\/designpordentro.com.br\\\/loja\\\/produto\\\/curso-de-decoracao-de-ambientes\\\/#primaryimage\"},\"thumbnailUrl\":\"https:\\\/\\\/designpordentro.com.br\\\/loja\\\/wp-content\\\/uploads\\\/2021\\\/06\\\/Curso-Decoracao-de-Ambientes.png\",\"datePublished\":\"2024-08-13T18:14:54+00:00\",\"dateModified\":\"2026-01-08T19:18:08+00:00\",\"description\":\"Curso de Decora\u00e7\u00e3o de Ambientes - vai te ajudar a criar e executar a decora\u00e7\u00e3o conforme as suas necessidades e ao seu or\u00e7amento.\",\"breadcrumb\":{\"@id\":\"https:\\\/\\\/designpordentro.com.br\\\/loja\\\/produto\\\/curso-de-decoracao-de-ambientes\\\/#breadcrumb\"},\"inLanguage\":\"pt-BR\",\"potentialAction\":[{\"@type\":\"ReadAction\",\"target\":[\"https:\\\/\\\/designpordentro.com.br\\\/loja\\\/produto\\\/curso-de-decoracao-de-ambientes\\\/\"]}]},{\"@type\":\"ImageObject\",\"inLanguage\":\"pt-BR\",\"@id\":\"https:\\\/\\\/designpordentro.com.br\\\/loja\\\/produto\\\/curso-de-decoracao-de-ambientes\\\/#primaryimage\",\"url\":\"https:\\\/\\\/designpordentro.com.br\\\/loja\\\/wp-content\\\/uploads\\\/2021\\\/06\\\/Curso-Decoracao-de-Ambientes.png\",\"contentUrl\":\"https:\\\/\\\/designpordentro.com.br\\\/loja\\\/wp-content\\\/uploads\\\/2021\\\/06\\\/Curso-Decoracao-de-Ambientes.png\",\"width\":601,\"height\":601,\"caption\":\"Curso-Decoracao-de Ambientes\"},{\"@type\":\"BreadcrumbList\",\"@id\":\"https:\\\/\\\/designpordentro.com.br\\\/loja\\\/produto\\\/curso-de-decoracao-de-ambientes\\\/#breadcrumb\",\"itemListElement\":[{\"@type\":\"ListItem\",\"position\":1,\"name\":\"In\u00edcio\",\"item\":\"https:\\\/\\\/designpordentro.com.br\\\/loja\\\/\"},{\"@type\":\"ListItem\",\"position\":2,\"name\":\"Curso Decora\u00e7\u00e3o de Ambientes\"}]},{\"@type\":\"WebSite\",\"@id\":\"https:\\\/\\\/designpordentro.com.br\\\/loja\\\/#website\",\"url\":\"https:\\\/\\\/designpordentro.com.br\\\/loja\\\/\",\"name\":\"Design por Dentro\",\"description\":\"Levar conhecimento na \u00e1rea de decora\u00e7\u00e3o para voc\u00ea fazer melhores escolhas. Cursos e treinamento para os profissionais online  - Design Por Dentro Online\",\"publisher\":{\"@id\":\"https:\\\/\\\/designpordentro.com.br\\\/loja\\\/#organization\"},\"potentialAction\":[{\"@type\":\"SearchAction\",\"target\":{\"@type\":\"EntryPoint\",\"urlTemplate\":\"https:\\\/\\\/designpordentro.com.br\\\/loja\\\/?s={search_term_string}\"},\"query-input\":{\"@type\":\"PropertyValueSpecification\",\"valueRequired\":true,\"valueName\":\"search_term_string\"}}],\"inLanguage\":\"pt-BR\"},{\"@type\":\"Organization\",\"@id\":\"https:\\\/\\\/designpordentro.com.br\\\/loja\\\/#organization\",\"name\":\"Design por Dentro\",\"url\":\"https:\\\/\\\/designpordentro.com.br\\\/loja\\\/\",\"logo\":{\"@type\":\"ImageObject\",\"inLanguage\":\"pt-BR\",\"@id\":\"https:\\\/\\\/designpordentro.com.br\\\/loja\\\/#\\\/schema\\\/logo\\\/image\\\/\",\"url\":\"https:\\\/\\\/designpordentro.com.br\\\/loja\\\/wp-content\\\/uploads\\\/2021\\\/11\\\/cropped-Logo-DPD.png\",\"contentUrl\":\"https:\\\/\\\/designpordentro.com.br\\\/loja\\\/wp-content\\\/uploads\\\/2021\\\/11\\\/cropped-Logo-DPD.png\",\"width\":512,\"height\":512,\"caption\":\"Design por Dentro\"},\"image\":{\"@id\":\"https:\\\/\\\/designpordentro.com.br\\\/loja\\\/#\\\/schema\\\/logo\\\/image\\\/\"}}]}<\/script>\n<!-- \/ Yoast SEO plugin. -->","yoast_head_json":{"title":"Este Curso de Decora\u00e7\u00e3o de Ambientes vai te ajudar a criar","description":"Curso de Decora\u00e7\u00e3o de Ambientes - vai te ajudar a criar e executar a decora\u00e7\u00e3o conforme as suas necessidades e ao seu or\u00e7amento.","robots":{"index":"index","follow":"follow","max-snippet":"max-snippet:-1","max-image-preview":"max-image-preview:large","max-video-preview":"max-video-preview:-1"},"canonical":"https:\/\/designpordentro.com.br\/loja\/produto\/curso-de-decoracao-de-ambientes\/","og_locale":"pt_BR","og_type":"article","og_title":"Este Curso de Decora\u00e7\u00e3o de Ambientes vai te ajudar a criar","og_description":"Curso de Decora\u00e7\u00e3o de Ambientes - vai te ajudar a criar e executar a decora\u00e7\u00e3o conforme as suas necessidades e ao seu or\u00e7amento.","og_url":"https:\/\/designpordentro.com.br\/loja\/produto\/curso-de-decoracao-de-ambientes\/","og_site_name":"Design por Dentro","article_modified_time":"2026-01-08T19:18:08+00:00","og_image":[{"width":601,"height":601,"url":"https:\/\/designpordentro.com.br\/loja\/wp-content\/uploads\/2021\/06\/Curso-Decoracao-de-Ambientes.png","type":"image\/png"}],"twitter_card":"summary_large_image","twitter_misc":{"Est. tempo de leitura":"2 minutos"},"schema":{"@context":"https:\/\/schema.org","@graph":[{"@type":"WebPage","@id":"https:\/\/designpordentro.com.br\/loja\/produto\/curso-de-decoracao-de-ambientes\/","url":"https:\/\/designpordentro.com.br\/loja\/produto\/curso-de-decoracao-de-ambientes\/","name":"Este Curso de Decora\u00e7\u00e3o de Ambientes vai te ajudar a criar","isPartOf":{"@id":"https:\/\/designpordentro.com.br\/loja\/#website"},"primaryImageOfPage":{"@id":"https:\/\/designpordentro.com.br\/loja\/produto\/curso-de-decoracao-de-ambientes\/#primaryimage"},"image":{"@id":"https:\/\/designpordentro.com.br\/loja\/produto\/curso-de-decoracao-de-ambientes\/#primaryimage"},"thumbnailUrl":"https:\/\/designpordentro.com.br\/loja\/wp-content\/uploads\/2021\/06\/Curso-Decoracao-de-Ambientes.png","datePublished":"2024-08-13T18:14:54+00:00","dateModified":"2026-01-08T19:18:08+00:00","description":"Curso de Decora\u00e7\u00e3o de Ambientes - vai te ajudar a criar e executar a decora\u00e7\u00e3o conforme as suas necessidades e ao seu or\u00e7amento.","breadcrumb":{"@id":"https:\/\/designpordentro.com.br\/loja\/produto\/curso-de-decoracao-de-ambientes\/#breadcrumb"},"inLanguage":"pt-BR","potentialAction":[{"@type":"ReadAction","target":["https:\/\/designpordentro.com.br\/loja\/produto\/curso-de-decoracao-de-ambientes\/"]}]},{"@type":"ImageObject","inLanguage":"pt-BR","@id":"https:\/\/designpordentro.com.br\/loja\/produto\/curso-de-decoracao-de-ambientes\/#primaryimage","url":"https:\/\/designpordentro.com.br\/loja\/wp-content\/uploads\/2021\/06\/Curso-Decoracao-de-Ambientes.png","contentUrl":"https:\/\/designpordentro.com.br\/loja\/wp-content\/uploads\/2021\/06\/Curso-Decoracao-de-Ambientes.png","width":601,"height":601,"caption":"Curso-Decoracao-de Ambientes"},{"@type":"BreadcrumbList","@id":"https:\/\/designpordentro.com.br\/loja\/produto\/curso-de-decoracao-de-ambientes\/#breadcrumb","itemListElement":[{"@type":"ListItem","position":1,"name":"In\u00edcio","item":"https:\/\/designpordentro.com.br\/loja\/"},{"@type":"ListItem","position":2,"name":"Curso Decora\u00e7\u00e3o de Ambientes"}]},{"@type":"WebSite","@id":"https:\/\/designpordentro.com.br\/loja\/#website","url":"https:\/\/designpordentro.com.br\/loja\/","name":"Design por Dentro","description":"Levar conhecimento na \u00e1rea de decora\u00e7\u00e3o para voc\u00ea fazer melhores escolhas. Cursos e treinamento para os profissionais online  - Design Por Dentro Online","publisher":{"@id":"https:\/\/designpordentro.com.br\/loja\/#organization"},"potentialAction":[{"@type":"SearchAction","target":{"@type":"EntryPoint","urlTemplate":"https:\/\/designpordentro.com.br\/loja\/?s={search_term_string}"},"query-input":{"@type":"PropertyValueSpecification","valueRequired":true,"valueName":"search_term_string"}}],"inLanguage":"pt-BR"},{"@type":"Organization","@id":"https:\/\/designpordentro.com.br\/loja\/#organization","name":"Design por Dentro","url":"https:\/\/designpordentro.com.br\/loja\/","logo":{"@type":"ImageObject","inLanguage":"pt-BR","@id":"https:\/\/designpordentro.com.br\/loja\/#\/schema\/logo\/image\/","url":"https:\/\/designpordentro.com.br\/loja\/wp-content\/uploads\/2021\/11\/cropped-Logo-DPD.png","contentUrl":"https:\/\/designpordentro.com.br\/loja\/wp-content\/uploads\/2021\/11\/cropped-Logo-DPD.png","width":512,"height":512,"caption":"Design por Dentro"},"image":{"@id":"https:\/\/designpordentro.com.br\/loja\/#\/schema\/logo\/image\/"}}]}},"_links":{"self":[{"href":"https:\/\/designpordentro.com.br\/loja\/wp-json\/wp\/v2\/product\/100","targetHints":{"allow":["GET"]}}],"collection":[{"href":"https:\/\/designpordentro.com.br\/loja\/wp-json\/wp\/v2\/product"}],"about":[{"href":"https:\/\/designpordentro.com.br\/loja\/wp-json\/wp\/v2\/types\/product"}],"replies":[{"embeddable":true,"href":"https:\/\/designpordentro.com.br\/loja\/wp-json\/wp\/v2\/comments?post=100"}],"wp:featuredmedia":[{"embeddable":true,"href":"https:\/\/designpordentro.com.br\/loja\/wp-json\/wp\/v2\/media\/1160"}],"wp:attachment":[{"href":"https:\/\/designpordentro.com.br\/loja\/wp-json\/wp\/v2\/media?parent=100"}],"wp:term":[{"taxonomy":"product_brand","embeddable":true,"href":"https:\/\/designpordentro.com.br\/loja\/wp-json\/wp\/v2\/product_brand?post=100"},{"taxonomy":"product_cat","embeddable":true,"href":"https:\/\/designpordentro.com.br\/loja\/wp-json\/wp\/v2\/product_cat?post=100"},{"taxonomy":"product_tag","embeddable":true,"href":"https:\/\/designpordentro.com.br\/loja\/wp-json\/wp\/v2\/product_tag?post=100"}],"curies":[{"name":"wp","href":"https:\/\/api.w.org\/{rel}","templated":true}]}}