{"id":111,"date":"2025-10-20T16:53:45","date_gmt":"2025-10-20T19:53:45","guid":{"rendered":"https:\/\/designpordentro.com.br\/loja\/?post_type=product&#038;p=111"},"modified":"2025-12-06T09:03:25","modified_gmt":"2025-12-06T12:03:25","slug":"curso-projeto-luminotecnico","status":"publish","type":"product","link":"https:\/\/designpordentro.com.br\/loja\/produto\/curso-projeto-luminotecnico\/","title":{"rendered":"Curso Projeto Luminot\u00e9cnico"},"content":{"rendered":"<p>Vendo toda a dificuldade em conhecimentos sobre ilumina\u00e7\u00e3o e detalhamento t\u00e9cnico referente ao projeto luminot\u00e9cnico, desenvolvemos este curso que te guiar\u00e1 do come\u00e7o ao fim de um projeto de ilumina\u00e7\u00e3o, te mostrando e explicando com detalhes cada passo do que deve ser feito. O que voc\u00ea vai aprender aqui n\u00e3o \u00e9 ensinado em nenhuma faculdade.<\/p>\n<p><strong>Programa do curso Projeto Luminot\u00e9cnico<\/strong><\/p>\n<p><strong>1-Mapeamento do projeto luminot\u00e9cnico +Checklist completo.<\/strong><br \/>\nO mapeamento vai lembr\u00e1-lo de todos os itens importantes e necess\u00e1rios na hora que voc\u00ea est\u00e1 desenvolvendo o projeto, desde o briefing com o cliente at\u00e9 o detalhamento t\u00e9cnico. Sem esquecimentos, sem retrabalho, sem dor de cabe\u00e7a.<\/p>\n<p><strong>2-Conceitos Luminot\u00e9cnicos<\/strong><br \/>\nA forma como te mostraremos estes conceitos far\u00e1 definitivamente voc\u00ea escolher a l\u00e2mpada ideal para cada projeto, dominando todas as suas caracter\u00edsticas t\u00e9cnicas e elevando de vez o n\u00edvel dos seus projetos.<\/p>\n<p>-Fluxo Luminoso, Ilumin\u00e2ncia (L\u00famens e Lux)<br \/>\n-Efici\u00eancia Luminosa (lm\/W) e \u00c2ngulo de abertura<br \/>\n-Temperatura de cor &#8211; Kelvin<br \/>\n-IRC (\u00cdndice de Reprodu\u00e7\u00e3o de Cor)<br \/>\n-Leds e tipos de l\u00e2mpadas: refletores, difusas, barras de led<br \/>\n-IP<\/p>\n<p><strong>3-Tipos de l\u00e2mpadas quanto aos efeitos que produzem no ambiente. <\/strong><br \/>\nAqui voc\u00ea vai destravar o seu processo criativo e aumentar exponencialmente o repert\u00f3rio de novas ideias para seus projetos de ilumina\u00e7\u00e3o.<\/p>\n<p>-Modelos, formatos de l\u00e2mpadas e cen\u00e1rios<br \/>\n-Automa\u00e7\u00e3o, dimeriza\u00e7\u00e3o<br \/>\n-Especifica\u00e7\u00f5es<\/p>\n<p><strong>4-Como trabalhar com as angula\u00e7\u00f5es: \u00e2ngulo de abertura e diagrama de cone<\/strong><br \/>\nAprendendo a especificar o \u00e2ngulo da intensidade luminosa de forma personalizada para cada projeto, eles deixam de ser amadores e tornam-se profissionais.<\/p>\n<p><strong>5-C\u00e1lculo luminot\u00e9cnico de l\u00famens simplificado, utilizando a tabela de ilumin\u00e2ncia.<\/strong><br \/>\nVoc\u00ea vai aprender a calcular a quantidade de luz que o ambiente precisa, calcular o n\u00famero de l\u00e2mpadas e lumin\u00e1rias, e tamb\u00e9m como distribu\u00ed-las no ambiente.<\/p>\n<p><strong>6-Projeto executivo de ilumina\u00e7\u00e3o + detalhamento t\u00e9cnico<\/strong><br \/>\nVoc\u00ea vai escolher e distribuir as l\u00e2mpadas e lumin\u00e1rias na planta fazendo uso dos conceitos e c\u00e1lculos luminot\u00e9cnicos. Simbologias, como cotar, como representar os pontos e como fazer o memorial descritivo.<\/p>\n<p><strong>7-Projeto executivo dos circuitos el\u00e9tricos + detalhamento t\u00e9cnico<\/strong><br \/>\nVoc\u00ea vai aprender a dispor os interruptores simples e paralelo e tomadas especificando a voltagem e amperagem correta, para que o eletricista compreenda e execute o projeto sem erros. Simbologias, como cotar, como representar e definir o n\u00famero de pontos e como fazer o memorial descritivo.<\/p>\n<p><strong>8-Estudo de Caso<\/strong><br \/>\nExemplificando o conte\u00fado na pr\u00e1tica, para voc\u00ea executar rapidamente tudo o que foi aprendido!<\/p>\n<h3><strong>O que voc\u00ea receber\u00e1:<\/strong><\/h3>\n<p>8 v\u00eddeo aulas<br \/>\nPdfs para download do conte\u00fado- vital\u00edcio<br \/>\nMaterial de apoio: c\u00e1lculo luminot\u00e9cnico com vari\u00e1veis e c\u00e1lculo luminot\u00e9cnico online<br \/>\nB\u00f4nus: Arquivo Cad com o gabarito das angula\u00e7\u00f5es e blocos dos pontos el\u00e9tricos.<br \/>\nAcompanhamento para d\u00favidas<\/p>\n<p><strong>Dura\u00e7\u00e3o \/ Tempo de acesso: <\/strong>1 ano<br \/>\n<strong>Carga hor\u00e1ria:<\/strong> 30h<br \/>\n<strong>Certificado<\/strong><\/p>\n<p>Espero, de cora\u00e7\u00e3o, que voc\u00ea n\u00e3o fique de fora e perca tudo o que separamos para voc\u00ea.<\/p>\n<p>A primeira semana do curso \u00e9 direcionada para conhecimento da plataforma e estudo inicial de algumas aulas, na segunda semana todo o curso\/conte\u00fado estar\u00e1 liberado para estudo.<\/p>\n<div style=\"display: none;\" class=\"crellyslider-slider crellyslider-slider-full-width crellyslider-slider-coment\u00e1rio_projeto_luminot\u00e9cnico crellyslider-7\" id=\"crellyslider-7\">\n<ul>\n<li\nstyle=\"\nbackground-color: transparent;\nbackground-image: url('https:\/\/designpordentro.com.br\/loja\/wp-content\/uploads\/2022\/04\/Projeto-Luminotecnico-Tatiane-Valadao_02-1.png');\nbackground-position: center center;\nbackground-repeat: no-repeat;\nbackground-size: contain;\n\n\"\ndata-in=\"fade\"\ndata-ease-in=\"300\"\ndata-out=\"fade\"\ndata-ease-out=\"300\"\ndata-time=\"3000\"\n>\n<\/li>\n<li\nstyle=\"\nbackground-color: transparent;\nbackground-image: url('https:\/\/designpordentro.com.br\/loja\/wp-content\/uploads\/2022\/04\/Projeto-Luminotecnico-Cristiane-Gois_02-1.png');\nbackground-position: center center;\nbackground-repeat: no-repeat;\nbackground-size: contain;\n\n\"\ndata-in=\"fade\"\ndata-ease-in=\"300\"\ndata-out=\"fade\"\ndata-ease-out=\"300\"\ndata-time=\"3000\"\n>\n<\/li>\n<\/ul>\n<\/div>\n<script type=\"text\/javascript\">\n(function($) {\n$(document).ready(function() {\n$(\"#crellyslider-7\").crellySlider({\nlayout: 'full-width',\nresponsive: 1,\nstartWidth: 1140,\nstartHeight: 500,\nautomaticSlide: 1,\nshowControls: 1,\nshowNavigation: 1,\nenableSwipe: 1,\nshowProgressBar: 1,\npauseOnHover: 1,\nrandomOrder: 0,\nstartFromSlide: 0,\nbeforeStart : function() {},\nbeforeSetResponsive : function() {},\nbeforeSlideStart : function() {},\nbeforePause\t: function() {},\nbeforeResume : function() {},\n});\n});\n})(jQuery);\n<\/script>\n\n","protected":false},"excerpt":{"rendered":"<div class=\"woocommerce-product-details__short-description\">\n<div class=\"woocommerce-product-details__short-description\">\n<p>Acesse o ebook do curso\u00a0 &gt;\u00a0<a href=\"https:\/\/designpordentro.com.br\/loja\/wp-content\/uploads\/2025\/02\/Ebook-Curso-Projeto-Luminotecnico.pdf\" target=\"_blank\" rel=\"noopener\">aqui<\/a> &lt;<\/p>\n<\/div>\n<\/div>\n","protected":false},"featured_media":1153,"comment_status":"open","ping_status":"closed","template":"","meta":[],"product_brand":[],"product_cat":[84],"product_tag":[140,136,86,137,120,141],"class_list":{"0":"post-111","1":"product","2":"type-product","3":"status-publish","4":"has-post-thumbnail","6":"product_cat-iluminacao","7":"product_tag-calculo","8":"product_tag-circuitos-eletricos","9":"product_tag-iluminacao","10":"product_tag-luminotecnica","11":"product_tag-luminotecnico","12":"product_tag-projeto-luminotecnico","14":"first","15":"instock","16":"sold-individually","17":"shipping-taxable","18":"purchasable","19":"product-type-simple"},"featured_image_urls_v2":{"full":["https:\/\/designpordentro.com.br\/loja\/wp-content\/uploads\/2021\/06\/Curso-Projeto-Luminotecnico-1.png",601,601,false],"thumbnail":["https:\/\/designpordentro.com.br\/loja\/wp-content\/uploads\/2021\/06\/Curso-Projeto-Luminotecnico-1-150x150.png",150,150,true],"medium":["https:\/\/designpordentro.com.br\/loja\/wp-content\/uploads\/2021\/06\/Curso-Projeto-Luminotecnico-1-300x300.png",300,300,true],"medium_large":["https:\/\/designpordentro.com.br\/loja\/wp-content\/uploads\/2021\/06\/Curso-Projeto-Luminotecnico-1.png",601,601,false],"large":["https:\/\/designpordentro.com.br\/loja\/wp-content\/uploads\/2021\/06\/Curso-Projeto-Luminotecnico-1.png",601,601,false],"1536x1536":["https:\/\/designpordentro.com.br\/loja\/wp-content\/uploads\/2021\/06\/Curso-Projeto-Luminotecnico-1.png",601,601,false],"2048x2048":["https:\/\/designpordentro.com.br\/loja\/wp-content\/uploads\/2021\/06\/Curso-Projeto-Luminotecnico-1.png",601,601,false],"woocommerce_thumbnail":["https:\/\/designpordentro.com.br\/loja\/wp-content\/uploads\/2021\/06\/Curso-Projeto-Luminotecnico-1-324x324.png",324,324,true],"woocommerce_single":["https:\/\/designpordentro.com.br\/loja\/wp-content\/uploads\/2021\/06\/Curso-Projeto-Luminotecnico-1-416x416.png",416,416,true],"woocommerce_gallery_thumbnail":["https:\/\/designpordentro.com.br\/loja\/wp-content\/uploads\/2021\/06\/Curso-Projeto-Luminotecnico-1-100x100.png",100,100,true]},"post_excerpt_stackable_v2":"<div class=\"woocommerce-product-details__short-description\">\n<div class=\"woocommerce-product-details__short-description\">\n<p>Acesse o ebook do curso\u00a0 &gt;\u00a0<a href=\"https:\/\/designpordentro.com.br\/loja\/wp-content\/uploads\/2025\/02\/Ebook-Curso-Projeto-Luminotecnico.pdf\" target=\"_blank\" rel=\"noopener\">aqui<\/a> &lt;<\/p>\n<\/div>\n<\/div>\n","category_list_v2":"","author_info_v2":{"name":"","url":""},"comments_num_v2":"15 coment\u00e1rios","yoast_head":"<!-- This site is optimized with the Yoast SEO plugin v27.3 - https:\/\/yoast.com\/product\/yoast-seo-wordpress\/ -->\n<title>Projeto Luminot\u00e9cnico com detalhes que n\u00e3o \u00e9 ensinado<\/title>\n<meta name=\"description\" content=\"curso de Projeto Luminot\u00e9cnico do come\u00e7o ao fim com detalhes passo a passo do que deve ser feito e n\u00e3o \u00e9 ensinado em nenhuma faculdade.\" \/>\n<meta name=\"robots\" content=\"index, follow, max-snippet:-1, max-image-preview:large, max-video-preview:-1\" \/>\n<link rel=\"canonical\" href=\"https:\/\/designpordentro.com.br\/loja\/produto\/curso-projeto-luminotecnico\/\" \/>\n<meta property=\"og:locale\" content=\"pt_BR\" \/>\n<meta property=\"og:type\" content=\"article\" \/>\n<meta property=\"og:title\" content=\"Projeto Luminot\u00e9cnico com detalhes que n\u00e3o \u00e9 ensinado\" \/>\n<meta property=\"og:description\" content=\"curso de Projeto Luminot\u00e9cnico do come\u00e7o ao fim com detalhes passo a passo do que deve ser feito e n\u00e3o \u00e9 ensinado em nenhuma faculdade.\" \/>\n<meta property=\"og:url\" content=\"https:\/\/designpordentro.com.br\/loja\/produto\/curso-projeto-luminotecnico\/\" \/>\n<meta property=\"og:site_name\" content=\"Design por Dentro\" \/>\n<meta property=\"article:modified_time\" content=\"2025-12-06T12:03:25+00:00\" \/>\n<meta property=\"og:image\" content=\"https:\/\/designpordentro.com.br\/loja\/wp-content\/uploads\/2021\/06\/Curso-Projeto-Luminotecnico-1.png\" \/>\n\t<meta property=\"og:image:width\" content=\"601\" \/>\n\t<meta property=\"og:image:height\" content=\"601\" \/>\n\t<meta property=\"og:image:type\" content=\"image\/png\" \/>\n<meta name=\"twitter:card\" content=\"summary_large_image\" \/>\n<meta name=\"twitter:label1\" content=\"Est. tempo de leitura\" \/>\n\t<meta name=\"twitter:data1\" content=\"3 minutos\" \/>\n<script type=\"application\/ld+json\" class=\"yoast-schema-graph\">{\"@context\":\"https:\\\/\\\/schema.org\",\"@graph\":[{\"@type\":\"WebPage\",\"@id\":\"https:\\\/\\\/designpordentro.com.br\\\/loja\\\/produto\\\/curso-projeto-luminotecnico\\\/\",\"url\":\"https:\\\/\\\/designpordentro.com.br\\\/loja\\\/produto\\\/curso-projeto-luminotecnico\\\/\",\"name\":\"Projeto Luminot\u00e9cnico com detalhes que n\u00e3o \u00e9 ensinado\",\"isPartOf\":{\"@id\":\"https:\\\/\\\/designpordentro.com.br\\\/loja\\\/#website\"},\"primaryImageOfPage\":{\"@id\":\"https:\\\/\\\/designpordentro.com.br\\\/loja\\\/produto\\\/curso-projeto-luminotecnico\\\/#primaryimage\"},\"image\":{\"@id\":\"https:\\\/\\\/designpordentro.com.br\\\/loja\\\/produto\\\/curso-projeto-luminotecnico\\\/#primaryimage\"},\"thumbnailUrl\":\"https:\\\/\\\/designpordentro.com.br\\\/loja\\\/wp-content\\\/uploads\\\/2021\\\/06\\\/Curso-Projeto-Luminotecnico-1.png\",\"datePublished\":\"2025-10-20T19:53:45+00:00\",\"dateModified\":\"2025-12-06T12:03:25+00:00\",\"description\":\"curso de Projeto Luminot\u00e9cnico do come\u00e7o ao fim com detalhes passo a passo do que deve ser feito e n\u00e3o \u00e9 ensinado em nenhuma faculdade.\",\"breadcrumb\":{\"@id\":\"https:\\\/\\\/designpordentro.com.br\\\/loja\\\/produto\\\/curso-projeto-luminotecnico\\\/#breadcrumb\"},\"inLanguage\":\"pt-BR\",\"potentialAction\":[{\"@type\":\"ReadAction\",\"target\":[\"https:\\\/\\\/designpordentro.com.br\\\/loja\\\/produto\\\/curso-projeto-luminotecnico\\\/\"]}]},{\"@type\":\"ImageObject\",\"inLanguage\":\"pt-BR\",\"@id\":\"https:\\\/\\\/designpordentro.com.br\\\/loja\\\/produto\\\/curso-projeto-luminotecnico\\\/#primaryimage\",\"url\":\"https:\\\/\\\/designpordentro.com.br\\\/loja\\\/wp-content\\\/uploads\\\/2021\\\/06\\\/Curso-Projeto-Luminotecnico-1.png\",\"contentUrl\":\"https:\\\/\\\/designpordentro.com.br\\\/loja\\\/wp-content\\\/uploads\\\/2021\\\/06\\\/Curso-Projeto-Luminotecnico-1.png\",\"width\":601,\"height\":601,\"caption\":\"projeto luminot\u00e9cnico\"},{\"@type\":\"BreadcrumbList\",\"@id\":\"https:\\\/\\\/designpordentro.com.br\\\/loja\\\/produto\\\/curso-projeto-luminotecnico\\\/#breadcrumb\",\"itemListElement\":[{\"@type\":\"ListItem\",\"position\":1,\"name\":\"In\u00edcio\",\"item\":\"https:\\\/\\\/designpordentro.com.br\\\/loja\\\/\"},{\"@type\":\"ListItem\",\"position\":2,\"name\":\"Curso Projeto Luminot\u00e9cnico\"}]},{\"@type\":\"WebSite\",\"@id\":\"https:\\\/\\\/designpordentro.com.br\\\/loja\\\/#website\",\"url\":\"https:\\\/\\\/designpordentro.com.br\\\/loja\\\/\",\"name\":\"Design por Dentro\",\"description\":\"Levar conhecimento na \u00e1rea de decora\u00e7\u00e3o para voc\u00ea fazer melhores escolhas. Cursos e treinamento para os profissionais online  - Design Por Dentro Online\",\"publisher\":{\"@id\":\"https:\\\/\\\/designpordentro.com.br\\\/loja\\\/#organization\"},\"potentialAction\":[{\"@type\":\"SearchAction\",\"target\":{\"@type\":\"EntryPoint\",\"urlTemplate\":\"https:\\\/\\\/designpordentro.com.br\\\/loja\\\/?s={search_term_string}\"},\"query-input\":{\"@type\":\"PropertyValueSpecification\",\"valueRequired\":true,\"valueName\":\"search_term_string\"}}],\"inLanguage\":\"pt-BR\"},{\"@type\":\"Organization\",\"@id\":\"https:\\\/\\\/designpordentro.com.br\\\/loja\\\/#organization\",\"name\":\"Design por Dentro\",\"url\":\"https:\\\/\\\/designpordentro.com.br\\\/loja\\\/\",\"logo\":{\"@type\":\"ImageObject\",\"inLanguage\":\"pt-BR\",\"@id\":\"https:\\\/\\\/designpordentro.com.br\\\/loja\\\/#\\\/schema\\\/logo\\\/image\\\/\",\"url\":\"https:\\\/\\\/designpordentro.com.br\\\/loja\\\/wp-content\\\/uploads\\\/2021\\\/11\\\/cropped-Logo-DPD.png\",\"contentUrl\":\"https:\\\/\\\/designpordentro.com.br\\\/loja\\\/wp-content\\\/uploads\\\/2021\\\/11\\\/cropped-Logo-DPD.png\",\"width\":512,\"height\":512,\"caption\":\"Design por Dentro\"},\"image\":{\"@id\":\"https:\\\/\\\/designpordentro.com.br\\\/loja\\\/#\\\/schema\\\/logo\\\/image\\\/\"}}]}<\/script>\n<!-- \/ Yoast SEO plugin. -->","yoast_head_json":{"title":"Projeto Luminot\u00e9cnico com detalhes que n\u00e3o \u00e9 ensinado","description":"curso de Projeto Luminot\u00e9cnico do come\u00e7o ao fim com detalhes passo a passo do que deve ser feito e n\u00e3o \u00e9 ensinado em nenhuma faculdade.","robots":{"index":"index","follow":"follow","max-snippet":"max-snippet:-1","max-image-preview":"max-image-preview:large","max-video-preview":"max-video-preview:-1"},"canonical":"https:\/\/designpordentro.com.br\/loja\/produto\/curso-projeto-luminotecnico\/","og_locale":"pt_BR","og_type":"article","og_title":"Projeto Luminot\u00e9cnico com detalhes que n\u00e3o \u00e9 ensinado","og_description":"curso de Projeto Luminot\u00e9cnico do come\u00e7o ao fim com detalhes passo a passo do que deve ser feito e n\u00e3o \u00e9 ensinado em nenhuma faculdade.","og_url":"https:\/\/designpordentro.com.br\/loja\/produto\/curso-projeto-luminotecnico\/","og_site_name":"Design por Dentro","article_modified_time":"2025-12-06T12:03:25+00:00","og_image":[{"width":601,"height":601,"url":"https:\/\/designpordentro.com.br\/loja\/wp-content\/uploads\/2021\/06\/Curso-Projeto-Luminotecnico-1.png","type":"image\/png"}],"twitter_card":"summary_large_image","twitter_misc":{"Est. tempo de leitura":"3 minutos"},"schema":{"@context":"https:\/\/schema.org","@graph":[{"@type":"WebPage","@id":"https:\/\/designpordentro.com.br\/loja\/produto\/curso-projeto-luminotecnico\/","url":"https:\/\/designpordentro.com.br\/loja\/produto\/curso-projeto-luminotecnico\/","name":"Projeto Luminot\u00e9cnico com detalhes que n\u00e3o \u00e9 ensinado","isPartOf":{"@id":"https:\/\/designpordentro.com.br\/loja\/#website"},"primaryImageOfPage":{"@id":"https:\/\/designpordentro.com.br\/loja\/produto\/curso-projeto-luminotecnico\/#primaryimage"},"image":{"@id":"https:\/\/designpordentro.com.br\/loja\/produto\/curso-projeto-luminotecnico\/#primaryimage"},"thumbnailUrl":"https:\/\/designpordentro.com.br\/loja\/wp-content\/uploads\/2021\/06\/Curso-Projeto-Luminotecnico-1.png","datePublished":"2025-10-20T19:53:45+00:00","dateModified":"2025-12-06T12:03:25+00:00","description":"curso de Projeto Luminot\u00e9cnico do come\u00e7o ao fim com detalhes passo a passo do que deve ser feito e n\u00e3o \u00e9 ensinado em nenhuma faculdade.","breadcrumb":{"@id":"https:\/\/designpordentro.com.br\/loja\/produto\/curso-projeto-luminotecnico\/#breadcrumb"},"inLanguage":"pt-BR","potentialAction":[{"@type":"ReadAction","target":["https:\/\/designpordentro.com.br\/loja\/produto\/curso-projeto-luminotecnico\/"]}]},{"@type":"ImageObject","inLanguage":"pt-BR","@id":"https:\/\/designpordentro.com.br\/loja\/produto\/curso-projeto-luminotecnico\/#primaryimage","url":"https:\/\/designpordentro.com.br\/loja\/wp-content\/uploads\/2021\/06\/Curso-Projeto-Luminotecnico-1.png","contentUrl":"https:\/\/designpordentro.com.br\/loja\/wp-content\/uploads\/2021\/06\/Curso-Projeto-Luminotecnico-1.png","width":601,"height":601,"caption":"projeto luminot\u00e9cnico"},{"@type":"BreadcrumbList","@id":"https:\/\/designpordentro.com.br\/loja\/produto\/curso-projeto-luminotecnico\/#breadcrumb","itemListElement":[{"@type":"ListItem","position":1,"name":"In\u00edcio","item":"https:\/\/designpordentro.com.br\/loja\/"},{"@type":"ListItem","position":2,"name":"Curso Projeto Luminot\u00e9cnico"}]},{"@type":"WebSite","@id":"https:\/\/designpordentro.com.br\/loja\/#website","url":"https:\/\/designpordentro.com.br\/loja\/","name":"Design por Dentro","description":"Levar conhecimento na \u00e1rea de decora\u00e7\u00e3o para voc\u00ea fazer melhores escolhas. Cursos e treinamento para os profissionais online  - Design Por Dentro Online","publisher":{"@id":"https:\/\/designpordentro.com.br\/loja\/#organization"},"potentialAction":[{"@type":"SearchAction","target":{"@type":"EntryPoint","urlTemplate":"https:\/\/designpordentro.com.br\/loja\/?s={search_term_string}"},"query-input":{"@type":"PropertyValueSpecification","valueRequired":true,"valueName":"search_term_string"}}],"inLanguage":"pt-BR"},{"@type":"Organization","@id":"https:\/\/designpordentro.com.br\/loja\/#organization","name":"Design por Dentro","url":"https:\/\/designpordentro.com.br\/loja\/","logo":{"@type":"ImageObject","inLanguage":"pt-BR","@id":"https:\/\/designpordentro.com.br\/loja\/#\/schema\/logo\/image\/","url":"https:\/\/designpordentro.com.br\/loja\/wp-content\/uploads\/2021\/11\/cropped-Logo-DPD.png","contentUrl":"https:\/\/designpordentro.com.br\/loja\/wp-content\/uploads\/2021\/11\/cropped-Logo-DPD.png","width":512,"height":512,"caption":"Design por Dentro"},"image":{"@id":"https:\/\/designpordentro.com.br\/loja\/#\/schema\/logo\/image\/"}}]}},"_links":{"self":[{"href":"https:\/\/designpordentro.com.br\/loja\/wp-json\/wp\/v2\/product\/111","targetHints":{"allow":["GET"]}}],"collection":[{"href":"https:\/\/designpordentro.com.br\/loja\/wp-json\/wp\/v2\/product"}],"about":[{"href":"https:\/\/designpordentro.com.br\/loja\/wp-json\/wp\/v2\/types\/product"}],"replies":[{"embeddable":true,"href":"https:\/\/designpordentro.com.br\/loja\/wp-json\/wp\/v2\/comments?post=111"}],"wp:featuredmedia":[{"embeddable":true,"href":"https:\/\/designpordentro.com.br\/loja\/wp-json\/wp\/v2\/media\/1153"}],"wp:attachment":[{"href":"https:\/\/designpordentro.com.br\/loja\/wp-json\/wp\/v2\/media?parent=111"}],"wp:term":[{"taxonomy":"product_brand","embeddable":true,"href":"https:\/\/designpordentro.com.br\/loja\/wp-json\/wp\/v2\/product_brand?post=111"},{"taxonomy":"product_cat","embeddable":true,"href":"https:\/\/designpordentro.com.br\/loja\/wp-json\/wp\/v2\/product_cat?post=111"},{"taxonomy":"product_tag","embeddable":true,"href":"https:\/\/designpordentro.com.br\/loja\/wp-json\/wp\/v2\/product_tag?post=111"}],"curies":[{"name":"wp","href":"https:\/\/api.w.org\/{rel}","templated":true}]}}