{"id":122,"date":"2021-06-21T13:16:58","date_gmt":"2021-06-21T16:16:58","guid":{"rendered":"https:\/\/designpordentro.com.br\/loja\/?post_type=product&#038;p=122"},"modified":"2025-12-06T09:14:58","modified_gmt":"2025-12-06T12:14:58","slug":"curso-analise-obras-arte","status":"publish","type":"product","link":"https:\/\/designpordentro.com.br\/loja\/produto\/curso-analise-obras-arte\/","title":{"rendered":"Curso An\u00e1lise de Obras de Arte"},"content":{"rendered":"<p>Com este curso pr\u00e1tico de <strong>An\u00e1lise de Obras de Arte<\/strong> voc\u00ea se sentir\u00e1 apto para:<br \/>\nVisitar uma loja ou uma galeria de arte, obtendo melhor aproveitamento e embasamento te\u00f3rico-cr\u00edtico.<\/p>\n<p>Dar opini\u00e3o sobre o motivo, linguagem e t\u00e9cnica trabalhada nas obras.<br \/>\nAproveitar com mais intensidade as viagens culturais.<br \/>\nAtender o cliente com embasamento t\u00e9cnico, postura e confian\u00e7a<\/p>\n<p><strong>O que voc\u00ea vai ver:<\/strong><br \/>\nAula 1. Arte, Design e Arte aplicada<br \/>\nAula 2. Leitura de Obras de arte \u2013 Termos de Conceitos<br \/>\nAula 3. Leitura de Obras de arte \u2013 Produ\u00e7\u00f5es Art\u00edsticas<br \/>\nAula 4. Leitura de obras de arte \u2013 Percep\u00e7\u00e3o Visual<\/p>\n<p>Imagine voc\u00ea visitando um antiqu\u00e1rio ou exposi\u00e7\u00f5es sabendo se referir \u00e0s obras de arte com postura e conhecimento t\u00e9cnico. Ou ent\u00e3o estar preparado para aquela viagem cultural, vivenciando, de fato, uma experi\u00eancia est\u00e9tica muito mais profunda.<\/p>\n<p>Pois \u00e9! \u00c9 isso que vai acontecer com voc\u00ea depois que concluir o nosso curso de Leitura de Obras de arte. Afinal, quando conhecemos o contexto que envolve uma obra de arte, bem como seus c\u00f3digos e t\u00e9cnicas, \u00e9 poss\u00edvel sim, estabelecer um julgamento de valor com mais propriedade.<\/p>\n<p>&#8211;<strong>Dura\u00e7\u00e3o \/ Tempo de acesso:<\/strong> 1 ano<\/p>\n<p>-Carga hor\u00e1ria: 08h<\/p>\n<p>-Certificado de Conclus\u00e3o<\/p>\n<p>A primeira semana do curso \u00e9 direcionada para conhecimento da plataforma e estudo inicial de algumas aulas, na segunda semana todo o curso\/conte\u00fado estar\u00e1 liberado para estudo.<\/p>\n<p><span style=\"color: #f7f2f2;\">curso An\u00e1lise Obras Arte<\/span><\/p>\n","protected":false},"excerpt":{"rendered":"<p>Acesse o ebook do curso\u00a0 &gt;\u00a0<a href=\"https:\/\/designpordentro.com.br\/loja\/wp-content\/uploads\/2025\/03\/EBOOK-Curso-Analise-de-Obras-de-Arte.pdf\" target=\"_blank\" rel=\"noopener\">aqui<\/a>\u00a0&lt;<\/p>\n","protected":false},"featured_media":1143,"comment_status":"open","ping_status":"closed","template":"","meta":[],"product_brand":[],"product_cat":[78],"product_tag":[220,222,95,221],"class_list":{"0":"post-122","1":"product","2":"type-product","3":"status-publish","4":"has-post-thumbnail","6":"product_cat-decoracao","7":"product_tag-arte","8":"product_tag-design","9":"product_tag-leitura-de-obras","10":"product_tag-obras-de-arte","12":"first","13":"instock","14":"sold-individually","15":"shipping-taxable","16":"purchasable","17":"product-type-simple"},"featured_image_urls_v2":{"full":["https:\/\/designpordentro.com.br\/loja\/wp-content\/uploads\/2021\/06\/Curso-Analise-de-Obras-de-Arte-1.png",601,600,false],"thumbnail":["https:\/\/designpordentro.com.br\/loja\/wp-content\/uploads\/2021\/06\/Curso-Analise-de-Obras-de-Arte-1-150x150.png",150,150,true],"medium":["https:\/\/designpordentro.com.br\/loja\/wp-content\/uploads\/2021\/06\/Curso-Analise-de-Obras-de-Arte-1-300x300.png",300,300,true],"medium_large":["https:\/\/designpordentro.com.br\/loja\/wp-content\/uploads\/2021\/06\/Curso-Analise-de-Obras-de-Arte-1.png",601,600,false],"large":["https:\/\/designpordentro.com.br\/loja\/wp-content\/uploads\/2021\/06\/Curso-Analise-de-Obras-de-Arte-1.png",601,600,false],"1536x1536":["https:\/\/designpordentro.com.br\/loja\/wp-content\/uploads\/2021\/06\/Curso-Analise-de-Obras-de-Arte-1.png",601,600,false],"2048x2048":["https:\/\/designpordentro.com.br\/loja\/wp-content\/uploads\/2021\/06\/Curso-Analise-de-Obras-de-Arte-1.png",601,600,false],"woocommerce_thumbnail":["https:\/\/designpordentro.com.br\/loja\/wp-content\/uploads\/2021\/06\/Curso-Analise-de-Obras-de-Arte-1-324x324.png",324,324,true],"woocommerce_single":["https:\/\/designpordentro.com.br\/loja\/wp-content\/uploads\/2021\/06\/Curso-Analise-de-Obras-de-Arte-1-416x415.png",416,415,true],"woocommerce_gallery_thumbnail":["https:\/\/designpordentro.com.br\/loja\/wp-content\/uploads\/2021\/06\/Curso-Analise-de-Obras-de-Arte-1-100x100.png",100,100,true]},"post_excerpt_stackable_v2":"<p>Acesse o ebook do curso\u00a0 &gt;\u00a0<a href=\"https:\/\/designpordentro.com.br\/loja\/wp-content\/uploads\/2025\/03\/EBOOK-Curso-Analise-de-Obras-de-Arte.pdf\" target=\"_blank\" rel=\"noopener\">aqui<\/a>\u00a0&lt;<\/p>\n","category_list_v2":"","author_info_v2":{"name":"","url":""},"comments_num_v2":"4 coment\u00e1rios","yoast_head":"<!-- This site is optimized with the Yoast SEO plugin v27.4 - https:\/\/yoast.com\/product\/yoast-seo-wordpress\/ -->\n<title>curso An\u00e1lise Obras Arte - Voc\u00ea se sentir\u00e1 apto para viajar<\/title>\n<meta name=\"description\" content=\"curso An\u00e1lise Obras de Arte. Voc\u00ea se sentir\u00e1 apto para viajar ou visitar galerias de arte, obtendo melhor embasamento cr\u00edtico.\" \/>\n<meta name=\"robots\" content=\"index, follow, max-snippet:-1, max-image-preview:large, max-video-preview:-1\" \/>\n<link rel=\"canonical\" href=\"https:\/\/designpordentro.com.br\/loja\/produto\/curso-analise-obras-arte\/\" \/>\n<meta property=\"og:locale\" content=\"pt_BR\" \/>\n<meta property=\"og:type\" content=\"article\" \/>\n<meta property=\"og:title\" content=\"curso An\u00e1lise Obras Arte - Voc\u00ea se sentir\u00e1 apto para viajar\" \/>\n<meta property=\"og:description\" content=\"curso An\u00e1lise Obras de Arte. Voc\u00ea se sentir\u00e1 apto para viajar ou visitar galerias de arte, obtendo melhor embasamento cr\u00edtico.\" \/>\n<meta property=\"og:url\" content=\"https:\/\/designpordentro.com.br\/loja\/produto\/curso-analise-obras-arte\/\" \/>\n<meta property=\"og:site_name\" content=\"Design por Dentro\" \/>\n<meta property=\"article:modified_time\" content=\"2025-12-06T12:14:58+00:00\" \/>\n<meta property=\"og:image\" content=\"https:\/\/designpordentro.com.br\/loja\/wp-content\/uploads\/2021\/06\/Curso-Analise-de-Obras-de-Arte-1.png\" \/>\n\t<meta property=\"og:image:width\" content=\"601\" \/>\n\t<meta property=\"og:image:height\" content=\"600\" \/>\n\t<meta property=\"og:image:type\" content=\"image\/png\" \/>\n<meta name=\"twitter:card\" content=\"summary_large_image\" \/>\n<meta name=\"twitter:label1\" content=\"Est. tempo de leitura\" \/>\n\t<meta name=\"twitter:data1\" content=\"2 minutos\" \/>\n<script type=\"application\/ld+json\" class=\"yoast-schema-graph\">{\"@context\":\"https:\\\/\\\/schema.org\",\"@graph\":[{\"@type\":\"WebPage\",\"@id\":\"https:\\\/\\\/designpordentro.com.br\\\/loja\\\/produto\\\/curso-analise-obras-arte\\\/\",\"url\":\"https:\\\/\\\/designpordentro.com.br\\\/loja\\\/produto\\\/curso-analise-obras-arte\\\/\",\"name\":\"curso An\u00e1lise Obras Arte - Voc\u00ea se sentir\u00e1 apto para viajar\",\"isPartOf\":{\"@id\":\"https:\\\/\\\/designpordentro.com.br\\\/loja\\\/#website\"},\"primaryImageOfPage\":{\"@id\":\"https:\\\/\\\/designpordentro.com.br\\\/loja\\\/produto\\\/curso-analise-obras-arte\\\/#primaryimage\"},\"image\":{\"@id\":\"https:\\\/\\\/designpordentro.com.br\\\/loja\\\/produto\\\/curso-analise-obras-arte\\\/#primaryimage\"},\"thumbnailUrl\":\"https:\\\/\\\/designpordentro.com.br\\\/loja\\\/wp-content\\\/uploads\\\/2021\\\/06\\\/Curso-Analise-de-Obras-de-Arte-1.png\",\"datePublished\":\"2021-06-21T16:16:58+00:00\",\"dateModified\":\"2025-12-06T12:14:58+00:00\",\"description\":\"curso An\u00e1lise Obras de Arte. Voc\u00ea se sentir\u00e1 apto para viajar ou visitar galerias de arte, obtendo melhor embasamento cr\u00edtico.\",\"breadcrumb\":{\"@id\":\"https:\\\/\\\/designpordentro.com.br\\\/loja\\\/produto\\\/curso-analise-obras-arte\\\/#breadcrumb\"},\"inLanguage\":\"pt-BR\",\"potentialAction\":[{\"@type\":\"ReadAction\",\"target\":[\"https:\\\/\\\/designpordentro.com.br\\\/loja\\\/produto\\\/curso-analise-obras-arte\\\/\"]}]},{\"@type\":\"ImageObject\",\"inLanguage\":\"pt-BR\",\"@id\":\"https:\\\/\\\/designpordentro.com.br\\\/loja\\\/produto\\\/curso-analise-obras-arte\\\/#primaryimage\",\"url\":\"https:\\\/\\\/designpordentro.com.br\\\/loja\\\/wp-content\\\/uploads\\\/2021\\\/06\\\/Curso-Analise-de-Obras-de-Arte-1.png\",\"contentUrl\":\"https:\\\/\\\/designpordentro.com.br\\\/loja\\\/wp-content\\\/uploads\\\/2021\\\/06\\\/Curso-Analise-de-Obras-de-Arte-1.png\",\"width\":601,\"height\":600,\"caption\":\"curso An\u00e1lise Obras Arte\"},{\"@type\":\"BreadcrumbList\",\"@id\":\"https:\\\/\\\/designpordentro.com.br\\\/loja\\\/produto\\\/curso-analise-obras-arte\\\/#breadcrumb\",\"itemListElement\":[{\"@type\":\"ListItem\",\"position\":1,\"name\":\"In\u00edcio\",\"item\":\"https:\\\/\\\/designpordentro.com.br\\\/loja\\\/\"},{\"@type\":\"ListItem\",\"position\":2,\"name\":\"Curso An\u00e1lise de Obras de Arte\"}]},{\"@type\":\"WebSite\",\"@id\":\"https:\\\/\\\/designpordentro.com.br\\\/loja\\\/#website\",\"url\":\"https:\\\/\\\/designpordentro.com.br\\\/loja\\\/\",\"name\":\"Design por Dentro\",\"description\":\"Levar conhecimento na \u00e1rea de decora\u00e7\u00e3o para voc\u00ea fazer melhores escolhas. Cursos e treinamento para os profissionais online  - Design Por Dentro Online\",\"publisher\":{\"@id\":\"https:\\\/\\\/designpordentro.com.br\\\/loja\\\/#organization\"},\"potentialAction\":[{\"@type\":\"SearchAction\",\"target\":{\"@type\":\"EntryPoint\",\"urlTemplate\":\"https:\\\/\\\/designpordentro.com.br\\\/loja\\\/?s={search_term_string}\"},\"query-input\":{\"@type\":\"PropertyValueSpecification\",\"valueRequired\":true,\"valueName\":\"search_term_string\"}}],\"inLanguage\":\"pt-BR\"},{\"@type\":\"Organization\",\"@id\":\"https:\\\/\\\/designpordentro.com.br\\\/loja\\\/#organization\",\"name\":\"Design por Dentro\",\"url\":\"https:\\\/\\\/designpordentro.com.br\\\/loja\\\/\",\"logo\":{\"@type\":\"ImageObject\",\"inLanguage\":\"pt-BR\",\"@id\":\"https:\\\/\\\/designpordentro.com.br\\\/loja\\\/#\\\/schema\\\/logo\\\/image\\\/\",\"url\":\"https:\\\/\\\/designpordentro.com.br\\\/loja\\\/wp-content\\\/uploads\\\/2021\\\/11\\\/cropped-Logo-DPD.png\",\"contentUrl\":\"https:\\\/\\\/designpordentro.com.br\\\/loja\\\/wp-content\\\/uploads\\\/2021\\\/11\\\/cropped-Logo-DPD.png\",\"width\":512,\"height\":512,\"caption\":\"Design por Dentro\"},\"image\":{\"@id\":\"https:\\\/\\\/designpordentro.com.br\\\/loja\\\/#\\\/schema\\\/logo\\\/image\\\/\"}}]}<\/script>\n<!-- \/ Yoast SEO plugin. -->","yoast_head_json":{"title":"curso An\u00e1lise Obras Arte - Voc\u00ea se sentir\u00e1 apto para viajar","description":"curso An\u00e1lise Obras de Arte. Voc\u00ea se sentir\u00e1 apto para viajar ou visitar galerias de arte, obtendo melhor embasamento cr\u00edtico.","robots":{"index":"index","follow":"follow","max-snippet":"max-snippet:-1","max-image-preview":"max-image-preview:large","max-video-preview":"max-video-preview:-1"},"canonical":"https:\/\/designpordentro.com.br\/loja\/produto\/curso-analise-obras-arte\/","og_locale":"pt_BR","og_type":"article","og_title":"curso An\u00e1lise Obras Arte - Voc\u00ea se sentir\u00e1 apto para viajar","og_description":"curso An\u00e1lise Obras de Arte. Voc\u00ea se sentir\u00e1 apto para viajar ou visitar galerias de arte, obtendo melhor embasamento cr\u00edtico.","og_url":"https:\/\/designpordentro.com.br\/loja\/produto\/curso-analise-obras-arte\/","og_site_name":"Design por Dentro","article_modified_time":"2025-12-06T12:14:58+00:00","og_image":[{"width":601,"height":600,"url":"https:\/\/designpordentro.com.br\/loja\/wp-content\/uploads\/2021\/06\/Curso-Analise-de-Obras-de-Arte-1.png","type":"image\/png"}],"twitter_card":"summary_large_image","twitter_misc":{"Est. tempo de leitura":"2 minutos"},"schema":{"@context":"https:\/\/schema.org","@graph":[{"@type":"WebPage","@id":"https:\/\/designpordentro.com.br\/loja\/produto\/curso-analise-obras-arte\/","url":"https:\/\/designpordentro.com.br\/loja\/produto\/curso-analise-obras-arte\/","name":"curso An\u00e1lise Obras Arte - Voc\u00ea se sentir\u00e1 apto para viajar","isPartOf":{"@id":"https:\/\/designpordentro.com.br\/loja\/#website"},"primaryImageOfPage":{"@id":"https:\/\/designpordentro.com.br\/loja\/produto\/curso-analise-obras-arte\/#primaryimage"},"image":{"@id":"https:\/\/designpordentro.com.br\/loja\/produto\/curso-analise-obras-arte\/#primaryimage"},"thumbnailUrl":"https:\/\/designpordentro.com.br\/loja\/wp-content\/uploads\/2021\/06\/Curso-Analise-de-Obras-de-Arte-1.png","datePublished":"2021-06-21T16:16:58+00:00","dateModified":"2025-12-06T12:14:58+00:00","description":"curso An\u00e1lise Obras de Arte. Voc\u00ea se sentir\u00e1 apto para viajar ou visitar galerias de arte, obtendo melhor embasamento cr\u00edtico.","breadcrumb":{"@id":"https:\/\/designpordentro.com.br\/loja\/produto\/curso-analise-obras-arte\/#breadcrumb"},"inLanguage":"pt-BR","potentialAction":[{"@type":"ReadAction","target":["https:\/\/designpordentro.com.br\/loja\/produto\/curso-analise-obras-arte\/"]}]},{"@type":"ImageObject","inLanguage":"pt-BR","@id":"https:\/\/designpordentro.com.br\/loja\/produto\/curso-analise-obras-arte\/#primaryimage","url":"https:\/\/designpordentro.com.br\/loja\/wp-content\/uploads\/2021\/06\/Curso-Analise-de-Obras-de-Arte-1.png","contentUrl":"https:\/\/designpordentro.com.br\/loja\/wp-content\/uploads\/2021\/06\/Curso-Analise-de-Obras-de-Arte-1.png","width":601,"height":600,"caption":"curso An\u00e1lise Obras Arte"},{"@type":"BreadcrumbList","@id":"https:\/\/designpordentro.com.br\/loja\/produto\/curso-analise-obras-arte\/#breadcrumb","itemListElement":[{"@type":"ListItem","position":1,"name":"In\u00edcio","item":"https:\/\/designpordentro.com.br\/loja\/"},{"@type":"ListItem","position":2,"name":"Curso An\u00e1lise de Obras de Arte"}]},{"@type":"WebSite","@id":"https:\/\/designpordentro.com.br\/loja\/#website","url":"https:\/\/designpordentro.com.br\/loja\/","name":"Design por Dentro","description":"Levar conhecimento na \u00e1rea de decora\u00e7\u00e3o para voc\u00ea fazer melhores escolhas. Cursos e treinamento para os profissionais online  - Design Por Dentro Online","publisher":{"@id":"https:\/\/designpordentro.com.br\/loja\/#organization"},"potentialAction":[{"@type":"SearchAction","target":{"@type":"EntryPoint","urlTemplate":"https:\/\/designpordentro.com.br\/loja\/?s={search_term_string}"},"query-input":{"@type":"PropertyValueSpecification","valueRequired":true,"valueName":"search_term_string"}}],"inLanguage":"pt-BR"},{"@type":"Organization","@id":"https:\/\/designpordentro.com.br\/loja\/#organization","name":"Design por Dentro","url":"https:\/\/designpordentro.com.br\/loja\/","logo":{"@type":"ImageObject","inLanguage":"pt-BR","@id":"https:\/\/designpordentro.com.br\/loja\/#\/schema\/logo\/image\/","url":"https:\/\/designpordentro.com.br\/loja\/wp-content\/uploads\/2021\/11\/cropped-Logo-DPD.png","contentUrl":"https:\/\/designpordentro.com.br\/loja\/wp-content\/uploads\/2021\/11\/cropped-Logo-DPD.png","width":512,"height":512,"caption":"Design por Dentro"},"image":{"@id":"https:\/\/designpordentro.com.br\/loja\/#\/schema\/logo\/image\/"}}]}},"_links":{"self":[{"href":"https:\/\/designpordentro.com.br\/loja\/wp-json\/wp\/v2\/product\/122","targetHints":{"allow":["GET"]}}],"collection":[{"href":"https:\/\/designpordentro.com.br\/loja\/wp-json\/wp\/v2\/product"}],"about":[{"href":"https:\/\/designpordentro.com.br\/loja\/wp-json\/wp\/v2\/types\/product"}],"replies":[{"embeddable":true,"href":"https:\/\/designpordentro.com.br\/loja\/wp-json\/wp\/v2\/comments?post=122"}],"wp:featuredmedia":[{"embeddable":true,"href":"https:\/\/designpordentro.com.br\/loja\/wp-json\/wp\/v2\/media\/1143"}],"wp:attachment":[{"href":"https:\/\/designpordentro.com.br\/loja\/wp-json\/wp\/v2\/media?parent=122"}],"wp:term":[{"taxonomy":"product_brand","embeddable":true,"href":"https:\/\/designpordentro.com.br\/loja\/wp-json\/wp\/v2\/product_brand?post=122"},{"taxonomy":"product_cat","embeddable":true,"href":"https:\/\/designpordentro.com.br\/loja\/wp-json\/wp\/v2\/product_cat?post=122"},{"taxonomy":"product_tag","embeddable":true,"href":"https:\/\/designpordentro.com.br\/loja\/wp-json\/wp\/v2\/product_tag?post=122"}],"curies":[{"name":"wp","href":"https:\/\/api.w.org\/{rel}","templated":true}]}}