{"id":375,"date":"2025-10-20T11:03:28","date_gmt":"2025-10-20T14:03:28","guid":{"rendered":"https:\/\/designpordentro.com.br\/loja\/?post_type=product&#038;p=375"},"modified":"2026-02-23T15:11:37","modified_gmt":"2026-02-23T18:11:37","slug":"combo-completo-de-iluminacao","status":"publish","type":"product","link":"https:\/\/designpordentro.com.br\/loja\/produto\/combo-completo-de-iluminacao\/","title":{"rendered":"Combo Completo de Ilumina\u00e7\u00e3o"},"content":{"rendered":"<p>Combo completo de ilumina\u00e7\u00e3o. Voc\u00ea Designer de interiores, Arquiteto ou profissional da \u00e1rea.. se sente INSEGURO na hora de projetar a ilumina\u00e7\u00e3o de um ambiente?<\/p>\n<p>A ilumina\u00e7\u00e3o \u00e9 o elemento chave na Decora\u00e7\u00e3o de Ambientes, podendo destacar ou arruinar o espa\u00e7o!<\/p>\n<p>Nesse combo voc\u00ea encontra <strong>todo o material que precisa para iluminar ambientes residenciais<\/strong> de forma a destacar os m\u00f3veis e a decora\u00e7\u00e3o, criando espa\u00e7os originais, pr\u00e1ticos e funcionais atrav\u00e9s da ilumina\u00e7\u00e3o:<\/p>\n<ol>\n<li><span style=\"color: #333333;\"><a style=\"color: #333333;\" href=\"https:\/\/designpordentro.com.br\/ava\/courses\/guia-de-iluminacao-residencial\/\" target=\"_blank\" rel=\"noopener\">Curso Guia de ilumina\u00e7\u00e3o residencial<\/a><\/span><\/li>\n<li><span style=\"color: #333333;\"><a style=\"color: #333333;\" href=\"https:\/\/designpordentro.com.br\/ava\/courses\/como-fazer-a-planta-de-circuitos-eletricos\/\" target=\"_blank\" rel=\"noopener\">Tutorial planta de circuitos el\u00e9tricos<\/a><\/span><\/li>\n<li><span style=\"color: #333333;\"><a style=\"color: #333333;\" href=\"https:\/\/designpordentro.com.br\/ava\/courses\/como-fazer-calculo-luminotecnico-tutorial\/\" target=\"_blank\" rel=\"noopener\">Tutorial como fazer o c\u00e1lculo luminot\u00e9cnico<\/a><\/span><\/li>\n<li><span style=\"color: #333333;\"><a style=\"color: #333333;\" href=\"https:\/\/designpordentro.com.br\/ava\/courses\/checklist-do-projeto-luminotecnico\/\" target=\"_blank\" rel=\"noopener\">Checklist projeto luminot\u00e9cnico<\/a><\/span><\/li>\n<\/ol>\n<h4><strong>Aprenda o passo a passo da ilumina\u00e7\u00e3o residencial,<\/strong><\/h4>\n<p>Saiba ler e realizar um <strong>c\u00e1lculo luminot\u00e9cnico<\/strong> e uma planta de <strong>circuitos el\u00e9tricos <\/strong>e tenha em m\u00e3os um <strong>checklist<\/strong> exclusivo com todo o passo a passo do <span style=\"color: #333333;\"><a style=\"color: #333333;\" href=\"https:\/\/designpordentro.com.br\/loja\/produto\/curso-projeto-luminotecnico\/\" target=\"_blank\" rel=\"noopener\"><strong>projeto luminot\u00e9cnico<\/strong><\/a><\/span>!<\/p>\n<h4><strong>Para quem \u00e9 esse combo\u00a0completo de ilumina\u00e7\u00e3o?<\/strong><\/h4>\n<p>Este combo \u00e9 para voc\u00ea Profissional ou estudante de Arquitetura, Design de Interiores e Decora\u00e7\u00e3o que deseja aprender todo o passo a passo da ilumina\u00e7\u00e3o de um ambiente, desde os tipos de l\u00e2mpadas at\u00e9 o planejamento do projeto luminot\u00e9cnico do espa\u00e7o.<\/p>\n<p><b>video aulas + e-books ricamente ilustrados exemplificando todo o conte\u00fado + fichas de estudos + checklists<\/b><\/p>\n<p>&nbsp;<\/p>\n<p><strong>Dura\u00e7\u00e3o \/ Tempo de acesso: 1 ano<\/strong><\/p>\n<p><strong>Carga hor\u00e1ria: 30h<\/strong><\/p>\n<p><strong>Certificado de conclus\u00e3o<\/strong><\/p>\n<p>A primeira semana do curso combo completo de ilumina\u00e7\u00e3o \u00e9 direcionada para conhecimento da plataforma e estudo inicial de algumas aulas. Na segunda semana todo o curso\/conte\u00fado estar\u00e1 liberado para estudo.<\/p>\n","protected":false},"excerpt":{"rendered":"<p>Acesse o ebook do curso\u00a0 &gt;\u00a0<a href=\"https:\/\/designpordentro.com.br\/loja\/wp-content\/uploads\/2025\/03\/EBOOK-Combo-Completo-de-Iluminacao.pdf\" target=\"_blank\" rel=\"noopener\">aqui<\/a>\u00a0&lt;<\/p>\n","protected":false},"featured_media":1175,"comment_status":"open","ping_status":"closed","template":"","meta":[],"product_brand":[],"product_cat":[85,84],"product_tag":[202,136,119,121,86,120],"class_list":{"0":"post-375","1":"product","2":"type-product","3":"status-publish","4":"has-post-thumbnail","6":"product_cat-combos","7":"product_cat-iluminacao","8":"product_tag-calculo-luminotecnico","9":"product_tag-circuitos-eletricos","10":"product_tag-curso-de-iluminacao","11":"product_tag-curso-de-luminitecnica","12":"product_tag-iluminacao","13":"product_tag-luminotecnico","15":"first","16":"instock","17":"virtual","18":"sold-individually","19":"purchasable","20":"product-type-simple"},"featured_image_urls_v2":{"full":["https:\/\/designpordentro.com.br\/loja\/wp-content\/uploads\/2021\/10\/Combo-Completo-Iluminacao.png",1080,1080,false],"thumbnail":["https:\/\/designpordentro.com.br\/loja\/wp-content\/uploads\/2021\/10\/Combo-Completo-Iluminacao-150x150.png",150,150,true],"medium":["https:\/\/designpordentro.com.br\/loja\/wp-content\/uploads\/2021\/10\/Combo-Completo-Iluminacao-300x300.png",300,300,true],"medium_large":["https:\/\/designpordentro.com.br\/loja\/wp-content\/uploads\/2021\/10\/Combo-Completo-Iluminacao-768x768.png",768,768,true],"large":["https:\/\/designpordentro.com.br\/loja\/wp-content\/uploads\/2021\/10\/Combo-Completo-Iluminacao-1024x1024.png",980,980,true],"1536x1536":["https:\/\/designpordentro.com.br\/loja\/wp-content\/uploads\/2021\/10\/Combo-Completo-Iluminacao.png",1080,1080,false],"2048x2048":["https:\/\/designpordentro.com.br\/loja\/wp-content\/uploads\/2021\/10\/Combo-Completo-Iluminacao.png",1080,1080,false],"woocommerce_thumbnail":["https:\/\/designpordentro.com.br\/loja\/wp-content\/uploads\/2021\/10\/Combo-Completo-Iluminacao-324x324.png",324,324,true],"woocommerce_single":["https:\/\/designpordentro.com.br\/loja\/wp-content\/uploads\/2021\/10\/Combo-Completo-Iluminacao-416x416.png",416,416,true],"woocommerce_gallery_thumbnail":["https:\/\/designpordentro.com.br\/loja\/wp-content\/uploads\/2021\/10\/Combo-Completo-Iluminacao-100x100.png",100,100,true]},"post_excerpt_stackable_v2":"<p>Acesse o ebook do curso\u00a0 &gt;\u00a0<a href=\"https:\/\/designpordentro.com.br\/loja\/wp-content\/uploads\/2025\/03\/EBOOK-Combo-Completo-de-Iluminacao.pdf\" target=\"_blank\" rel=\"noopener\">aqui<\/a>\u00a0&lt;<\/p>\n","category_list_v2":"","author_info_v2":{"name":"","url":""},"comments_num_v2":"28 coment\u00e1rios","yoast_head":"<!-- This site is optimized with the Yoast SEO plugin v27.3 - https:\/\/yoast.com\/product\/yoast-seo-wordpress\/ -->\n<title>Combo Completo de Ilumina\u00e7\u00e3o - V\u00eddeo aulas e Guias pr\u00e1ticos<\/title>\n<meta name=\"description\" content=\"Combo Completo de Ilumina\u00e7\u00e3o. Ilumina\u00e7\u00e3o elementos chave na decora\u00e7\u00e3o. Curso pratico, v\u00eddeo aulas checklists fichas de estudos\" \/>\n<meta name=\"robots\" content=\"index, follow, max-snippet:-1, max-image-preview:large, max-video-preview:-1\" \/>\n<link rel=\"canonical\" href=\"https:\/\/designpordentro.com.br\/loja\/produto\/combo-completo-de-iluminacao\/\" \/>\n<meta property=\"og:locale\" content=\"pt_BR\" \/>\n<meta property=\"og:type\" content=\"article\" \/>\n<meta property=\"og:title\" content=\"Combo Completo de Ilumina\u00e7\u00e3o - V\u00eddeo aulas e Guias pr\u00e1ticos\" \/>\n<meta property=\"og:description\" content=\"Combo Completo de Ilumina\u00e7\u00e3o. Ilumina\u00e7\u00e3o elementos chave na decora\u00e7\u00e3o. Curso pratico, v\u00eddeo aulas checklists fichas de estudos\" \/>\n<meta property=\"og:url\" content=\"https:\/\/designpordentro.com.br\/loja\/produto\/combo-completo-de-iluminacao\/\" \/>\n<meta property=\"og:site_name\" content=\"Design por Dentro\" \/>\n<meta property=\"article:modified_time\" content=\"2026-02-23T18:11:37+00:00\" \/>\n<meta property=\"og:image\" content=\"https:\/\/designpordentro.com.br\/loja\/wp-content\/uploads\/2021\/10\/Combo-Completo-Iluminacao.png\" \/>\n\t<meta property=\"og:image:width\" content=\"1080\" \/>\n\t<meta property=\"og:image:height\" content=\"1080\" \/>\n\t<meta property=\"og:image:type\" content=\"image\/png\" \/>\n<meta name=\"twitter:card\" content=\"summary_large_image\" \/>\n<meta name=\"twitter:label1\" content=\"Est. tempo de leitura\" \/>\n\t<meta name=\"twitter:data1\" content=\"2 minutos\" \/>\n<script type=\"application\/ld+json\" class=\"yoast-schema-graph\">{\"@context\":\"https:\\\/\\\/schema.org\",\"@graph\":[{\"@type\":\"WebPage\",\"@id\":\"https:\\\/\\\/designpordentro.com.br\\\/loja\\\/produto\\\/combo-completo-de-iluminacao\\\/\",\"url\":\"https:\\\/\\\/designpordentro.com.br\\\/loja\\\/produto\\\/combo-completo-de-iluminacao\\\/\",\"name\":\"Combo Completo de Ilumina\u00e7\u00e3o - V\u00eddeo aulas e Guias pr\u00e1ticos\",\"isPartOf\":{\"@id\":\"https:\\\/\\\/designpordentro.com.br\\\/loja\\\/#website\"},\"primaryImageOfPage\":{\"@id\":\"https:\\\/\\\/designpordentro.com.br\\\/loja\\\/produto\\\/combo-completo-de-iluminacao\\\/#primaryimage\"},\"image\":{\"@id\":\"https:\\\/\\\/designpordentro.com.br\\\/loja\\\/produto\\\/combo-completo-de-iluminacao\\\/#primaryimage\"},\"thumbnailUrl\":\"https:\\\/\\\/designpordentro.com.br\\\/loja\\\/wp-content\\\/uploads\\\/2021\\\/10\\\/Combo-Completo-Iluminacao.png\",\"datePublished\":\"2025-10-20T14:03:28+00:00\",\"dateModified\":\"2026-02-23T18:11:37+00:00\",\"description\":\"Combo Completo de Ilumina\u00e7\u00e3o. Ilumina\u00e7\u00e3o elementos chave na decora\u00e7\u00e3o. Curso pratico, v\u00eddeo aulas checklists fichas de estudos\",\"breadcrumb\":{\"@id\":\"https:\\\/\\\/designpordentro.com.br\\\/loja\\\/produto\\\/combo-completo-de-iluminacao\\\/#breadcrumb\"},\"inLanguage\":\"pt-BR\",\"potentialAction\":[{\"@type\":\"ReadAction\",\"target\":[\"https:\\\/\\\/designpordentro.com.br\\\/loja\\\/produto\\\/combo-completo-de-iluminacao\\\/\"]}]},{\"@type\":\"ImageObject\",\"inLanguage\":\"pt-BR\",\"@id\":\"https:\\\/\\\/designpordentro.com.br\\\/loja\\\/produto\\\/combo-completo-de-iluminacao\\\/#primaryimage\",\"url\":\"https:\\\/\\\/designpordentro.com.br\\\/loja\\\/wp-content\\\/uploads\\\/2021\\\/10\\\/Combo-Completo-Iluminacao.png\",\"contentUrl\":\"https:\\\/\\\/designpordentro.com.br\\\/loja\\\/wp-content\\\/uploads\\\/2021\\\/10\\\/Combo-Completo-Iluminacao.png\",\"width\":1080,\"height\":1080,\"caption\":\"combo completo de ilumina\u00e7\u00e3o\"},{\"@type\":\"BreadcrumbList\",\"@id\":\"https:\\\/\\\/designpordentro.com.br\\\/loja\\\/produto\\\/combo-completo-de-iluminacao\\\/#breadcrumb\",\"itemListElement\":[{\"@type\":\"ListItem\",\"position\":1,\"name\":\"In\u00edcio\",\"item\":\"https:\\\/\\\/designpordentro.com.br\\\/loja\\\/\"},{\"@type\":\"ListItem\",\"position\":2,\"name\":\"Combo Completo de Ilumina\u00e7\u00e3o\"}]},{\"@type\":\"WebSite\",\"@id\":\"https:\\\/\\\/designpordentro.com.br\\\/loja\\\/#website\",\"url\":\"https:\\\/\\\/designpordentro.com.br\\\/loja\\\/\",\"name\":\"Design por Dentro\",\"description\":\"Levar conhecimento na \u00e1rea de decora\u00e7\u00e3o para voc\u00ea fazer melhores escolhas. Cursos e treinamento para os profissionais online  - Design Por Dentro Online\",\"publisher\":{\"@id\":\"https:\\\/\\\/designpordentro.com.br\\\/loja\\\/#organization\"},\"potentialAction\":[{\"@type\":\"SearchAction\",\"target\":{\"@type\":\"EntryPoint\",\"urlTemplate\":\"https:\\\/\\\/designpordentro.com.br\\\/loja\\\/?s={search_term_string}\"},\"query-input\":{\"@type\":\"PropertyValueSpecification\",\"valueRequired\":true,\"valueName\":\"search_term_string\"}}],\"inLanguage\":\"pt-BR\"},{\"@type\":\"Organization\",\"@id\":\"https:\\\/\\\/designpordentro.com.br\\\/loja\\\/#organization\",\"name\":\"Design por Dentro\",\"url\":\"https:\\\/\\\/designpordentro.com.br\\\/loja\\\/\",\"logo\":{\"@type\":\"ImageObject\",\"inLanguage\":\"pt-BR\",\"@id\":\"https:\\\/\\\/designpordentro.com.br\\\/loja\\\/#\\\/schema\\\/logo\\\/image\\\/\",\"url\":\"https:\\\/\\\/designpordentro.com.br\\\/loja\\\/wp-content\\\/uploads\\\/2021\\\/11\\\/cropped-Logo-DPD.png\",\"contentUrl\":\"https:\\\/\\\/designpordentro.com.br\\\/loja\\\/wp-content\\\/uploads\\\/2021\\\/11\\\/cropped-Logo-DPD.png\",\"width\":512,\"height\":512,\"caption\":\"Design por Dentro\"},\"image\":{\"@id\":\"https:\\\/\\\/designpordentro.com.br\\\/loja\\\/#\\\/schema\\\/logo\\\/image\\\/\"}}]}<\/script>\n<!-- \/ Yoast SEO plugin. -->","yoast_head_json":{"title":"Combo Completo de Ilumina\u00e7\u00e3o - V\u00eddeo aulas e Guias pr\u00e1ticos","description":"Combo Completo de Ilumina\u00e7\u00e3o. Ilumina\u00e7\u00e3o elementos chave na decora\u00e7\u00e3o. Curso pratico, v\u00eddeo aulas checklists fichas de estudos","robots":{"index":"index","follow":"follow","max-snippet":"max-snippet:-1","max-image-preview":"max-image-preview:large","max-video-preview":"max-video-preview:-1"},"canonical":"https:\/\/designpordentro.com.br\/loja\/produto\/combo-completo-de-iluminacao\/","og_locale":"pt_BR","og_type":"article","og_title":"Combo Completo de Ilumina\u00e7\u00e3o - V\u00eddeo aulas e Guias pr\u00e1ticos","og_description":"Combo Completo de Ilumina\u00e7\u00e3o. Ilumina\u00e7\u00e3o elementos chave na decora\u00e7\u00e3o. Curso pratico, v\u00eddeo aulas checklists fichas de estudos","og_url":"https:\/\/designpordentro.com.br\/loja\/produto\/combo-completo-de-iluminacao\/","og_site_name":"Design por Dentro","article_modified_time":"2026-02-23T18:11:37+00:00","og_image":[{"width":1080,"height":1080,"url":"https:\/\/designpordentro.com.br\/loja\/wp-content\/uploads\/2021\/10\/Combo-Completo-Iluminacao.png","type":"image\/png"}],"twitter_card":"summary_large_image","twitter_misc":{"Est. tempo de leitura":"2 minutos"},"schema":{"@context":"https:\/\/schema.org","@graph":[{"@type":"WebPage","@id":"https:\/\/designpordentro.com.br\/loja\/produto\/combo-completo-de-iluminacao\/","url":"https:\/\/designpordentro.com.br\/loja\/produto\/combo-completo-de-iluminacao\/","name":"Combo Completo de Ilumina\u00e7\u00e3o - V\u00eddeo aulas e Guias pr\u00e1ticos","isPartOf":{"@id":"https:\/\/designpordentro.com.br\/loja\/#website"},"primaryImageOfPage":{"@id":"https:\/\/designpordentro.com.br\/loja\/produto\/combo-completo-de-iluminacao\/#primaryimage"},"image":{"@id":"https:\/\/designpordentro.com.br\/loja\/produto\/combo-completo-de-iluminacao\/#primaryimage"},"thumbnailUrl":"https:\/\/designpordentro.com.br\/loja\/wp-content\/uploads\/2021\/10\/Combo-Completo-Iluminacao.png","datePublished":"2025-10-20T14:03:28+00:00","dateModified":"2026-02-23T18:11:37+00:00","description":"Combo Completo de Ilumina\u00e7\u00e3o. Ilumina\u00e7\u00e3o elementos chave na decora\u00e7\u00e3o. Curso pratico, v\u00eddeo aulas checklists fichas de estudos","breadcrumb":{"@id":"https:\/\/designpordentro.com.br\/loja\/produto\/combo-completo-de-iluminacao\/#breadcrumb"},"inLanguage":"pt-BR","potentialAction":[{"@type":"ReadAction","target":["https:\/\/designpordentro.com.br\/loja\/produto\/combo-completo-de-iluminacao\/"]}]},{"@type":"ImageObject","inLanguage":"pt-BR","@id":"https:\/\/designpordentro.com.br\/loja\/produto\/combo-completo-de-iluminacao\/#primaryimage","url":"https:\/\/designpordentro.com.br\/loja\/wp-content\/uploads\/2021\/10\/Combo-Completo-Iluminacao.png","contentUrl":"https:\/\/designpordentro.com.br\/loja\/wp-content\/uploads\/2021\/10\/Combo-Completo-Iluminacao.png","width":1080,"height":1080,"caption":"combo completo de ilumina\u00e7\u00e3o"},{"@type":"BreadcrumbList","@id":"https:\/\/designpordentro.com.br\/loja\/produto\/combo-completo-de-iluminacao\/#breadcrumb","itemListElement":[{"@type":"ListItem","position":1,"name":"In\u00edcio","item":"https:\/\/designpordentro.com.br\/loja\/"},{"@type":"ListItem","position":2,"name":"Combo Completo de Ilumina\u00e7\u00e3o"}]},{"@type":"WebSite","@id":"https:\/\/designpordentro.com.br\/loja\/#website","url":"https:\/\/designpordentro.com.br\/loja\/","name":"Design por Dentro","description":"Levar conhecimento na \u00e1rea de decora\u00e7\u00e3o para voc\u00ea fazer melhores escolhas. Cursos e treinamento para os profissionais online  - Design Por Dentro Online","publisher":{"@id":"https:\/\/designpordentro.com.br\/loja\/#organization"},"potentialAction":[{"@type":"SearchAction","target":{"@type":"EntryPoint","urlTemplate":"https:\/\/designpordentro.com.br\/loja\/?s={search_term_string}"},"query-input":{"@type":"PropertyValueSpecification","valueRequired":true,"valueName":"search_term_string"}}],"inLanguage":"pt-BR"},{"@type":"Organization","@id":"https:\/\/designpordentro.com.br\/loja\/#organization","name":"Design por Dentro","url":"https:\/\/designpordentro.com.br\/loja\/","logo":{"@type":"ImageObject","inLanguage":"pt-BR","@id":"https:\/\/designpordentro.com.br\/loja\/#\/schema\/logo\/image\/","url":"https:\/\/designpordentro.com.br\/loja\/wp-content\/uploads\/2021\/11\/cropped-Logo-DPD.png","contentUrl":"https:\/\/designpordentro.com.br\/loja\/wp-content\/uploads\/2021\/11\/cropped-Logo-DPD.png","width":512,"height":512,"caption":"Design por Dentro"},"image":{"@id":"https:\/\/designpordentro.com.br\/loja\/#\/schema\/logo\/image\/"}}]}},"_links":{"self":[{"href":"https:\/\/designpordentro.com.br\/loja\/wp-json\/wp\/v2\/product\/375","targetHints":{"allow":["GET"]}}],"collection":[{"href":"https:\/\/designpordentro.com.br\/loja\/wp-json\/wp\/v2\/product"}],"about":[{"href":"https:\/\/designpordentro.com.br\/loja\/wp-json\/wp\/v2\/types\/product"}],"replies":[{"embeddable":true,"href":"https:\/\/designpordentro.com.br\/loja\/wp-json\/wp\/v2\/comments?post=375"}],"wp:featuredmedia":[{"embeddable":true,"href":"https:\/\/designpordentro.com.br\/loja\/wp-json\/wp\/v2\/media\/1175"}],"wp:attachment":[{"href":"https:\/\/designpordentro.com.br\/loja\/wp-json\/wp\/v2\/media?parent=375"}],"wp:term":[{"taxonomy":"product_brand","embeddable":true,"href":"https:\/\/designpordentro.com.br\/loja\/wp-json\/wp\/v2\/product_brand?post=375"},{"taxonomy":"product_cat","embeddable":true,"href":"https:\/\/designpordentro.com.br\/loja\/wp-json\/wp\/v2\/product_cat?post=375"},{"taxonomy":"product_tag","embeddable":true,"href":"https:\/\/designpordentro.com.br\/loja\/wp-json\/wp\/v2\/product_tag?post=375"}],"curies":[{"name":"wp","href":"https:\/\/api.w.org\/{rel}","templated":true}]}}