{"id":721,"date":"2021-11-11T11:27:08","date_gmt":"2021-11-11T14:27:08","guid":{"rendered":"https:\/\/designpordentro.com.br\/loja\/?post_type=product&#038;p=721"},"modified":"2025-12-06T09:14:38","modified_gmt":"2025-12-06T12:14:38","slug":"curso-desenho-tecnico-de-paisagismo-autocad","status":"publish","type":"product","link":"https:\/\/designpordentro.com.br\/loja\/produto\/curso-desenho-tecnico-de-paisagismo-autocad\/","title":{"rendered":"Curso Desenho T\u00e9cnico de Paisagismo AutoCAD"},"content":{"rendered":"<p>Voc\u00ea aprender\u00e1 a desenvolver projetos de Paisagismo com o software AutoCAD.<\/p>\n<p>Este curso te ensina a desenhar planta baixa e vistas proporcionando ampla visualiza\u00e7\u00e3o do espa\u00e7o projetado. Voc\u00ea tamb\u00e9m aprender\u00e1 a gerar imagens para apresenta\u00e7\u00e3o das plantas t\u00e9cnicas.<\/p>\n<p>Como funciona: Voc\u00ea retira as ideias da sua cabe\u00e7a de forma simples e as representa em formas gr\u00e1ficas. Com isso, conseguir\u00e1 visualizar o projeto esteticamente e prever poss\u00edveis erros, o que permite corrigi-los antes da execu\u00e7\u00e3o, poupando tempo e dinheiro.<\/p>\n<p>Nossa proposta \u00e9 muito mais abrangente do que meramente um curso de AutoCAD a dist\u00e2ncia. Aqui voc\u00ea vai aprender a desenhar de verdade!<\/p>\n<p>Programa:<\/p>\n<p>Baixando, instalando e configurando a \u00e1rea de trabalho<br \/>\nDesenho T\u00e9cnico 2D conceitos<br \/>\nIniciando a Planta Baixa<br \/>\nDesenhando Esquadrias, Pisos, deks, desn\u00edveis<br \/>\nDesenhando Mobili\u00e1rio, painel ripado, ilumina\u00e7\u00e3o, pergolado<br \/>\nDesenhando Vegeta\u00e7\u00e3o, desn\u00edveis,<br \/>\nAplica\u00e7\u00e3o das texturas e materiais<br \/>\nLinhas de Cotas, de Chamada (Legendas), Simbologias e Textos<br \/>\nDesenhando as Vistas com Mobili\u00e1rio, Hachuras e Linhas de Chamada<br \/>\nCriando Tabelas, cenas e Inserindo Imagens<br \/>\nPreparando as pranchas para impress\u00e3o: Escalas<br \/>\nFinaliza\u00e7\u00e3o<\/p>\n<p>O que voc\u00ea vai receber:<br \/>\n. 20 v\u00eddeo aulas de conte\u00fado pr\u00e1tico<br \/>\n. Atividade 100% pr\u00e1tica<br \/>\n. <strong>Dura\u00e7\u00e3o \/ Tempo de acesso: <\/strong>1 ano<br \/>\n. Carga Hor\u00e1ria 21 horas<br \/>\n. Certificado<\/p>\n<p>A primeira semana do curso \u00e9 direcionada para conhecimento da plataforma e estudo inicial de algumas aulas, na segunda semana todo o curso\/conte\u00fado estar\u00e1 liberado para estudo.<\/p>\n<p><a href=\"https:\/\/ibdi-edu.com.br\/wp-content\/uploads\/2023\/03\/Configuracoes-Necessarias-Computador.png\" target=\"_blank\" rel=\"noopener\"><strong>&gt;&gt;&gt; Clique Aqui para visualizar a configura\u00e7\u00e3o m\u00ednima recomendada para o seu computador. &lt;&lt;&lt;<\/strong><\/a><\/p>\n<p>&nbsp;<\/p>\n<p>V\u00e1 em frente. Adquira j\u00e1!<\/p>\n","protected":false},"excerpt":{"rendered":"<p>Acesse o ebook do curso\u00a0 &gt;\u00a0<a href=\"https:\/\/designpordentro.com.br\/loja\/wp-content\/uploads\/2024\/06\/EBOOK-Curso-Desenho-Tecnico-de-Paisagismo-AutoCAD.pdf\" target=\"_blank\" rel=\"noopener\">aqui<\/a>\u00a0&lt;<\/p>\n","protected":false},"featured_media":1150,"comment_status":"open","ping_status":"closed","template":"","meta":[],"product_brand":[],"product_cat":[81,79],"product_tag":[110,109,112],"class_list":{"0":"post-721","1":"product","2":"type-product","3":"status-publish","4":"has-post-thumbnail","6":"product_cat-desenho-e-detalhamento","7":"product_cat-paisagismo","8":"product_tag-cad","9":"product_tag-desenho-2d","10":"product_tag-desenho-de-paisagismo","12":"first","13":"instock","14":"sold-individually","15":"shipping-taxable","16":"purchasable","17":"product-type-simple"},"featured_image_urls_v2":{"full":["https:\/\/designpordentro.com.br\/loja\/wp-content\/uploads\/2021\/11\/Curso-Desenho-Tecnico-de-Paisagismo-Autocad.png",601,601,false],"thumbnail":["https:\/\/designpordentro.com.br\/loja\/wp-content\/uploads\/2021\/11\/Curso-Desenho-Tecnico-de-Paisagismo-Autocad-150x150.png",150,150,true],"medium":["https:\/\/designpordentro.com.br\/loja\/wp-content\/uploads\/2021\/11\/Curso-Desenho-Tecnico-de-Paisagismo-Autocad-300x300.png",300,300,true],"medium_large":["https:\/\/designpordentro.com.br\/loja\/wp-content\/uploads\/2021\/11\/Curso-Desenho-Tecnico-de-Paisagismo-Autocad.png",601,601,false],"large":["https:\/\/designpordentro.com.br\/loja\/wp-content\/uploads\/2021\/11\/Curso-Desenho-Tecnico-de-Paisagismo-Autocad.png",601,601,false],"1536x1536":["https:\/\/designpordentro.com.br\/loja\/wp-content\/uploads\/2021\/11\/Curso-Desenho-Tecnico-de-Paisagismo-Autocad.png",601,601,false],"2048x2048":["https:\/\/designpordentro.com.br\/loja\/wp-content\/uploads\/2021\/11\/Curso-Desenho-Tecnico-de-Paisagismo-Autocad.png",601,601,false],"woocommerce_thumbnail":["https:\/\/designpordentro.com.br\/loja\/wp-content\/uploads\/2021\/11\/Curso-Desenho-Tecnico-de-Paisagismo-Autocad-324x324.png",324,324,true],"woocommerce_single":["https:\/\/designpordentro.com.br\/loja\/wp-content\/uploads\/2021\/11\/Curso-Desenho-Tecnico-de-Paisagismo-Autocad-416x416.png",416,416,true],"woocommerce_gallery_thumbnail":["https:\/\/designpordentro.com.br\/loja\/wp-content\/uploads\/2021\/11\/Curso-Desenho-Tecnico-de-Paisagismo-Autocad-100x100.png",100,100,true]},"post_excerpt_stackable_v2":"<p>Acesse o ebook do curso\u00a0 &gt;\u00a0<a href=\"https:\/\/designpordentro.com.br\/loja\/wp-content\/uploads\/2024\/06\/EBOOK-Curso-Desenho-Tecnico-de-Paisagismo-AutoCAD.pdf\" target=\"_blank\" rel=\"noopener\">aqui<\/a>\u00a0&lt;<\/p>\n","category_list_v2":"","author_info_v2":{"name":"","url":""},"comments_num_v2":"3 coment\u00e1rios","yoast_head":"<!-- This site is optimized with the Yoast SEO plugin v27.5 - https:\/\/yoast.com\/product\/yoast-seo-wordpress\/ -->\n<title>Curso Desenho T\u00e9cnico de Paisagismo AutoCAD - Design por Dentro<\/title>\n<meta name=\"description\" content=\"Aprenda a criar projetos de paisagismo com nosso curso de desenho t\u00e9cnico em AutoCAD. Desenvolva habilidades essenciais para transformar ideias em plantas profissionais. Inscreva-se e comece sua jornada no paisagismo!\" \/>\n<meta name=\"robots\" content=\"index, follow, max-snippet:-1, max-image-preview:large, max-video-preview:-1\" \/>\n<link rel=\"canonical\" href=\"https:\/\/designpordentro.com.br\/loja\/produto\/curso-desenho-tecnico-de-paisagismo-autocad\/\" \/>\n<meta property=\"og:locale\" content=\"pt_BR\" \/>\n<meta property=\"og:type\" content=\"article\" \/>\n<meta property=\"og:title\" content=\"Curso Desenho T\u00e9cnico de Paisagismo AutoCAD - Design por Dentro\" \/>\n<meta property=\"og:description\" content=\"Aprenda a criar projetos de paisagismo com nosso curso de desenho t\u00e9cnico em AutoCAD. Desenvolva habilidades essenciais para transformar ideias em plantas profissionais. Inscreva-se e comece sua jornada no paisagismo!\" \/>\n<meta property=\"og:url\" content=\"https:\/\/designpordentro.com.br\/loja\/produto\/curso-desenho-tecnico-de-paisagismo-autocad\/\" \/>\n<meta property=\"og:site_name\" content=\"Design por Dentro\" \/>\n<meta property=\"article:modified_time\" content=\"2025-12-06T12:14:38+00:00\" \/>\n<meta property=\"og:image\" content=\"https:\/\/designpordentro.com.br\/loja\/wp-content\/uploads\/2021\/11\/Curso-Desenho-Tecnico-de-Paisagismo-Autocad.png\" \/>\n\t<meta property=\"og:image:width\" content=\"601\" \/>\n\t<meta property=\"og:image:height\" content=\"601\" \/>\n\t<meta property=\"og:image:type\" content=\"image\/png\" \/>\n<meta name=\"twitter:card\" content=\"summary_large_image\" \/>\n<meta name=\"twitter:label1\" content=\"Est. tempo de leitura\" \/>\n\t<meta name=\"twitter:data1\" content=\"2 minutos\" \/>\n<script type=\"application\/ld+json\" class=\"yoast-schema-graph\">{\"@context\":\"https:\\\/\\\/schema.org\",\"@graph\":[{\"@type\":\"WebPage\",\"@id\":\"https:\\\/\\\/designpordentro.com.br\\\/loja\\\/produto\\\/curso-desenho-tecnico-de-paisagismo-autocad\\\/\",\"url\":\"https:\\\/\\\/designpordentro.com.br\\\/loja\\\/produto\\\/curso-desenho-tecnico-de-paisagismo-autocad\\\/\",\"name\":\"Curso Desenho T\u00e9cnico de Paisagismo AutoCAD - Design por Dentro\",\"isPartOf\":{\"@id\":\"https:\\\/\\\/designpordentro.com.br\\\/loja\\\/#website\"},\"primaryImageOfPage\":{\"@id\":\"https:\\\/\\\/designpordentro.com.br\\\/loja\\\/produto\\\/curso-desenho-tecnico-de-paisagismo-autocad\\\/#primaryimage\"},\"image\":{\"@id\":\"https:\\\/\\\/designpordentro.com.br\\\/loja\\\/produto\\\/curso-desenho-tecnico-de-paisagismo-autocad\\\/#primaryimage\"},\"thumbnailUrl\":\"https:\\\/\\\/designpordentro.com.br\\\/loja\\\/wp-content\\\/uploads\\\/2021\\\/11\\\/Curso-Desenho-Tecnico-de-Paisagismo-Autocad.png\",\"datePublished\":\"2021-11-11T14:27:08+00:00\",\"dateModified\":\"2025-12-06T12:14:38+00:00\",\"description\":\"Aprenda a criar projetos de paisagismo com nosso curso de desenho t\u00e9cnico em AutoCAD. Desenvolva habilidades essenciais para transformar ideias em plantas profissionais. Inscreva-se e comece sua jornada no paisagismo!\",\"breadcrumb\":{\"@id\":\"https:\\\/\\\/designpordentro.com.br\\\/loja\\\/produto\\\/curso-desenho-tecnico-de-paisagismo-autocad\\\/#breadcrumb\"},\"inLanguage\":\"pt-BR\",\"potentialAction\":[{\"@type\":\"ReadAction\",\"target\":[\"https:\\\/\\\/designpordentro.com.br\\\/loja\\\/produto\\\/curso-desenho-tecnico-de-paisagismo-autocad\\\/\"]}]},{\"@type\":\"ImageObject\",\"inLanguage\":\"pt-BR\",\"@id\":\"https:\\\/\\\/designpordentro.com.br\\\/loja\\\/produto\\\/curso-desenho-tecnico-de-paisagismo-autocad\\\/#primaryimage\",\"url\":\"https:\\\/\\\/designpordentro.com.br\\\/loja\\\/wp-content\\\/uploads\\\/2021\\\/11\\\/Curso-Desenho-Tecnico-de-Paisagismo-Autocad.png\",\"contentUrl\":\"https:\\\/\\\/designpordentro.com.br\\\/loja\\\/wp-content\\\/uploads\\\/2021\\\/11\\\/Curso-Desenho-Tecnico-de-Paisagismo-Autocad.png\",\"width\":601,\"height\":601},{\"@type\":\"BreadcrumbList\",\"@id\":\"https:\\\/\\\/designpordentro.com.br\\\/loja\\\/produto\\\/curso-desenho-tecnico-de-paisagismo-autocad\\\/#breadcrumb\",\"itemListElement\":[{\"@type\":\"ListItem\",\"position\":1,\"name\":\"In\u00edcio\",\"item\":\"https:\\\/\\\/designpordentro.com.br\\\/loja\\\/\"},{\"@type\":\"ListItem\",\"position\":2,\"name\":\"Curso Desenho T\u00e9cnico de Paisagismo AutoCAD\"}]},{\"@type\":\"WebSite\",\"@id\":\"https:\\\/\\\/designpordentro.com.br\\\/loja\\\/#website\",\"url\":\"https:\\\/\\\/designpordentro.com.br\\\/loja\\\/\",\"name\":\"Design por Dentro\",\"description\":\"Levar conhecimento na \u00e1rea de decora\u00e7\u00e3o para voc\u00ea fazer melhores escolhas. Cursos e treinamento para os profissionais online  - Design Por Dentro Online\",\"publisher\":{\"@id\":\"https:\\\/\\\/designpordentro.com.br\\\/loja\\\/#organization\"},\"potentialAction\":[{\"@type\":\"SearchAction\",\"target\":{\"@type\":\"EntryPoint\",\"urlTemplate\":\"https:\\\/\\\/designpordentro.com.br\\\/loja\\\/?s={search_term_string}\"},\"query-input\":{\"@type\":\"PropertyValueSpecification\",\"valueRequired\":true,\"valueName\":\"search_term_string\"}}],\"inLanguage\":\"pt-BR\"},{\"@type\":\"Organization\",\"@id\":\"https:\\\/\\\/designpordentro.com.br\\\/loja\\\/#organization\",\"name\":\"Design por Dentro\",\"url\":\"https:\\\/\\\/designpordentro.com.br\\\/loja\\\/\",\"logo\":{\"@type\":\"ImageObject\",\"inLanguage\":\"pt-BR\",\"@id\":\"https:\\\/\\\/designpordentro.com.br\\\/loja\\\/#\\\/schema\\\/logo\\\/image\\\/\",\"url\":\"https:\\\/\\\/designpordentro.com.br\\\/loja\\\/wp-content\\\/uploads\\\/2021\\\/11\\\/cropped-Logo-DPD.png\",\"contentUrl\":\"https:\\\/\\\/designpordentro.com.br\\\/loja\\\/wp-content\\\/uploads\\\/2021\\\/11\\\/cropped-Logo-DPD.png\",\"width\":512,\"height\":512,\"caption\":\"Design por Dentro\"},\"image\":{\"@id\":\"https:\\\/\\\/designpordentro.com.br\\\/loja\\\/#\\\/schema\\\/logo\\\/image\\\/\"}}]}<\/script>\n<!-- \/ Yoast SEO plugin. -->","yoast_head_json":{"title":"Curso Desenho T\u00e9cnico de Paisagismo AutoCAD - Design por Dentro","description":"Aprenda a criar projetos de paisagismo com nosso curso de desenho t\u00e9cnico em AutoCAD. Desenvolva habilidades essenciais para transformar ideias em plantas profissionais. Inscreva-se e comece sua jornada no paisagismo!","robots":{"index":"index","follow":"follow","max-snippet":"max-snippet:-1","max-image-preview":"max-image-preview:large","max-video-preview":"max-video-preview:-1"},"canonical":"https:\/\/designpordentro.com.br\/loja\/produto\/curso-desenho-tecnico-de-paisagismo-autocad\/","og_locale":"pt_BR","og_type":"article","og_title":"Curso Desenho T\u00e9cnico de Paisagismo AutoCAD - Design por Dentro","og_description":"Aprenda a criar projetos de paisagismo com nosso curso de desenho t\u00e9cnico em AutoCAD. Desenvolva habilidades essenciais para transformar ideias em plantas profissionais. Inscreva-se e comece sua jornada no paisagismo!","og_url":"https:\/\/designpordentro.com.br\/loja\/produto\/curso-desenho-tecnico-de-paisagismo-autocad\/","og_site_name":"Design por Dentro","article_modified_time":"2025-12-06T12:14:38+00:00","og_image":[{"width":601,"height":601,"url":"https:\/\/designpordentro.com.br\/loja\/wp-content\/uploads\/2021\/11\/Curso-Desenho-Tecnico-de-Paisagismo-Autocad.png","type":"image\/png"}],"twitter_card":"summary_large_image","twitter_misc":{"Est. tempo de leitura":"2 minutos"},"schema":{"@context":"https:\/\/schema.org","@graph":[{"@type":"WebPage","@id":"https:\/\/designpordentro.com.br\/loja\/produto\/curso-desenho-tecnico-de-paisagismo-autocad\/","url":"https:\/\/designpordentro.com.br\/loja\/produto\/curso-desenho-tecnico-de-paisagismo-autocad\/","name":"Curso Desenho T\u00e9cnico de Paisagismo AutoCAD - Design por Dentro","isPartOf":{"@id":"https:\/\/designpordentro.com.br\/loja\/#website"},"primaryImageOfPage":{"@id":"https:\/\/designpordentro.com.br\/loja\/produto\/curso-desenho-tecnico-de-paisagismo-autocad\/#primaryimage"},"image":{"@id":"https:\/\/designpordentro.com.br\/loja\/produto\/curso-desenho-tecnico-de-paisagismo-autocad\/#primaryimage"},"thumbnailUrl":"https:\/\/designpordentro.com.br\/loja\/wp-content\/uploads\/2021\/11\/Curso-Desenho-Tecnico-de-Paisagismo-Autocad.png","datePublished":"2021-11-11T14:27:08+00:00","dateModified":"2025-12-06T12:14:38+00:00","description":"Aprenda a criar projetos de paisagismo com nosso curso de desenho t\u00e9cnico em AutoCAD. Desenvolva habilidades essenciais para transformar ideias em plantas profissionais. Inscreva-se e comece sua jornada no paisagismo!","breadcrumb":{"@id":"https:\/\/designpordentro.com.br\/loja\/produto\/curso-desenho-tecnico-de-paisagismo-autocad\/#breadcrumb"},"inLanguage":"pt-BR","potentialAction":[{"@type":"ReadAction","target":["https:\/\/designpordentro.com.br\/loja\/produto\/curso-desenho-tecnico-de-paisagismo-autocad\/"]}]},{"@type":"ImageObject","inLanguage":"pt-BR","@id":"https:\/\/designpordentro.com.br\/loja\/produto\/curso-desenho-tecnico-de-paisagismo-autocad\/#primaryimage","url":"https:\/\/designpordentro.com.br\/loja\/wp-content\/uploads\/2021\/11\/Curso-Desenho-Tecnico-de-Paisagismo-Autocad.png","contentUrl":"https:\/\/designpordentro.com.br\/loja\/wp-content\/uploads\/2021\/11\/Curso-Desenho-Tecnico-de-Paisagismo-Autocad.png","width":601,"height":601},{"@type":"BreadcrumbList","@id":"https:\/\/designpordentro.com.br\/loja\/produto\/curso-desenho-tecnico-de-paisagismo-autocad\/#breadcrumb","itemListElement":[{"@type":"ListItem","position":1,"name":"In\u00edcio","item":"https:\/\/designpordentro.com.br\/loja\/"},{"@type":"ListItem","position":2,"name":"Curso Desenho T\u00e9cnico de Paisagismo AutoCAD"}]},{"@type":"WebSite","@id":"https:\/\/designpordentro.com.br\/loja\/#website","url":"https:\/\/designpordentro.com.br\/loja\/","name":"Design por Dentro","description":"Levar conhecimento na \u00e1rea de decora\u00e7\u00e3o para voc\u00ea fazer melhores escolhas. Cursos e treinamento para os profissionais online  - Design Por Dentro Online","publisher":{"@id":"https:\/\/designpordentro.com.br\/loja\/#organization"},"potentialAction":[{"@type":"SearchAction","target":{"@type":"EntryPoint","urlTemplate":"https:\/\/designpordentro.com.br\/loja\/?s={search_term_string}"},"query-input":{"@type":"PropertyValueSpecification","valueRequired":true,"valueName":"search_term_string"}}],"inLanguage":"pt-BR"},{"@type":"Organization","@id":"https:\/\/designpordentro.com.br\/loja\/#organization","name":"Design por Dentro","url":"https:\/\/designpordentro.com.br\/loja\/","logo":{"@type":"ImageObject","inLanguage":"pt-BR","@id":"https:\/\/designpordentro.com.br\/loja\/#\/schema\/logo\/image\/","url":"https:\/\/designpordentro.com.br\/loja\/wp-content\/uploads\/2021\/11\/cropped-Logo-DPD.png","contentUrl":"https:\/\/designpordentro.com.br\/loja\/wp-content\/uploads\/2021\/11\/cropped-Logo-DPD.png","width":512,"height":512,"caption":"Design por Dentro"},"image":{"@id":"https:\/\/designpordentro.com.br\/loja\/#\/schema\/logo\/image\/"}}]}},"_links":{"self":[{"href":"https:\/\/designpordentro.com.br\/loja\/wp-json\/wp\/v2\/product\/721","targetHints":{"allow":["GET"]}}],"collection":[{"href":"https:\/\/designpordentro.com.br\/loja\/wp-json\/wp\/v2\/product"}],"about":[{"href":"https:\/\/designpordentro.com.br\/loja\/wp-json\/wp\/v2\/types\/product"}],"replies":[{"embeddable":true,"href":"https:\/\/designpordentro.com.br\/loja\/wp-json\/wp\/v2\/comments?post=721"}],"wp:featuredmedia":[{"embeddable":true,"href":"https:\/\/designpordentro.com.br\/loja\/wp-json\/wp\/v2\/media\/1150"}],"wp:attachment":[{"href":"https:\/\/designpordentro.com.br\/loja\/wp-json\/wp\/v2\/media?parent=721"}],"wp:term":[{"taxonomy":"product_brand","embeddable":true,"href":"https:\/\/designpordentro.com.br\/loja\/wp-json\/wp\/v2\/product_brand?post=721"},{"taxonomy":"product_cat","embeddable":true,"href":"https:\/\/designpordentro.com.br\/loja\/wp-json\/wp\/v2\/product_cat?post=721"},{"taxonomy":"product_tag","embeddable":true,"href":"https:\/\/designpordentro.com.br\/loja\/wp-json\/wp\/v2\/product_tag?post=721"}],"curies":[{"name":"wp","href":"https:\/\/api.w.org\/{rel}","templated":true}]}}