{"id":96,"date":"2024-09-03T14:59:34","date_gmt":"2024-09-03T17:59:34","guid":{"rendered":"https:\/\/designpordentro.com.br\/loja\/?post_type=product&#038;p=96"},"modified":"2025-12-06T09:14:21","modified_gmt":"2025-12-06T12:14:21","slug":"como-planejar-cada-ambiente-da-casa","status":"publish","type":"product","link":"https:\/\/designpordentro.com.br\/loja\/produto\/como-planejar-cada-ambiente-da-casa\/","title":{"rendered":"Guia Aprenda a Planejar a Decora\u00e7\u00e3o da Sua Casa"},"content":{"rendered":"<p>Neste curso vamos te ensinar <strong>como planejar cada ambiente da casa,<\/strong> afim de que a decora\u00e7\u00e3o saia perfeita em todos os detalhes.<\/p>\n<p><iframe loading=\"lazy\" src=\"https:\/\/player.vimeo.com\/video\/432398275?dnt=1&amp;app_id=122963\" width=\"640\" height=\"640\" frameborder=\"0\" allow=\"autoplay; fullscreen; picture-in-picture; clipboard-write; encrypted-media; web-share\" referrerpolicy=\"strict-origin-when-cross-origin\"><\/iframe><\/p>\n<p>Cada c\u00f4modo residencial apresenta uma estrutura pr\u00f3pria, um objetivo, carregando caracter\u00edsticas espec\u00edficas que o diferenciam dos demais. Sendo assim, para que possamos decor\u00e1-los corretamente, necessitamos conhecer as necessidades que cada espa\u00e7o requer, afim de que a rotina no lar seja a mais agrad\u00e1vel poss\u00edvel.<\/p>\n<p>Este curso, vamos abordar as quest\u00f5es ergon\u00f4micas e de circula\u00e7\u00e3o para voc\u00ea entender como deve ser as medidas e a distribui\u00e7\u00e3o dos m\u00f3veis para cada c\u00f4modo da casa: sala de estar, jantar, home, quarto, banheiro, lavanderia e cozinha.<\/p>\n<p>Voc\u00ea vai entender tamb\u00e9m como se aplica a ilumina\u00e7\u00e3o nos c\u00f4modos, na cria\u00e7\u00e3o de cen\u00e1rios que transmitem sensa\u00e7\u00f5es e emo\u00e7\u00f5es, bem como deve ser trabalhada para que as atividades domiciliares aconte\u00e7am de forma adequada.<\/p>\n<p>Insatisfeito com a disposi\u00e7\u00e3o dos m\u00f3veis? Veja o que escrevi sobre isso &gt;<a href=\"https:\/\/www.designpordentro.com.br\/distribuicao-dos-moveis\/\" target=\"_blank\" rel=\"noopener\"> aqui<\/a> &lt;<\/p>\n<p>Ebook em PDF ricamente ilustrado<br \/>\n02 V\u00eddeo aulas<br \/>\nSuporte para d\u00favidas<br \/>\nCertificado<br \/>\nCarga Hor\u00e1ria: 04H<br \/>\n<strong>Dura\u00e7\u00e3o \/ Tempo de acesso: 1 ano<\/strong><\/p>\n<p>Como planejar cada ambiente da casa<\/p>\n","protected":false},"excerpt":{"rendered":"<div class=\"woocommerce-product-details__short-description\">\n<p>Acesse o ebook do curso\u00a0 &gt;\u00a0<a href=\"https:\/\/designpordentro.com.br\/loja\/wp-content\/uploads\/2024\/09\/EBOOK-DO-CURSO-Guia-Aprenda-a-Planejar-a-Decoracao-da-Sua-Casa.pdf\" target=\"_blank\" rel=\"noopener\">aqui<\/a>\u00a0&lt;<\/p>\n<\/div>\n<div class=\"quantity\"><\/div>\n","protected":false},"featured_media":3430,"comment_status":"open","ping_status":"closed","template":"","meta":[],"product_brand":[],"product_cat":[82],"product_tag":[19,101,89],"class_list":{"0":"post-96","1":"product","2":"type-product","3":"status-publish","4":"has-post-thumbnail","6":"product_cat-projetoplanejamento","7":"product_tag-decoracao","8":"product_tag-planejamento","9":"product_tag-projeto","11":"first","12":"instock","13":"sold-individually","14":"shipping-taxable","15":"purchasable","16":"product-type-simple"},"featured_image_urls_v2":{"full":["https:\/\/designpordentro.com.br\/loja\/wp-content\/uploads\/2021\/06\/Guia-Aprenda-a-Planejar-a-Decoracao-da-sua-Casa-2.png",500,500,false],"thumbnail":["https:\/\/designpordentro.com.br\/loja\/wp-content\/uploads\/2021\/06\/Guia-Aprenda-a-Planejar-a-Decoracao-da-sua-Casa-2-150x150.png",150,150,true],"medium":["https:\/\/designpordentro.com.br\/loja\/wp-content\/uploads\/2021\/06\/Guia-Aprenda-a-Planejar-a-Decoracao-da-sua-Casa-2-300x300.png",300,300,true],"medium_large":["https:\/\/designpordentro.com.br\/loja\/wp-content\/uploads\/2021\/06\/Guia-Aprenda-a-Planejar-a-Decoracao-da-sua-Casa-2.png",500,500,false],"large":["https:\/\/designpordentro.com.br\/loja\/wp-content\/uploads\/2021\/06\/Guia-Aprenda-a-Planejar-a-Decoracao-da-sua-Casa-2.png",500,500,false],"1536x1536":["https:\/\/designpordentro.com.br\/loja\/wp-content\/uploads\/2021\/06\/Guia-Aprenda-a-Planejar-a-Decoracao-da-sua-Casa-2.png",500,500,false],"2048x2048":["https:\/\/designpordentro.com.br\/loja\/wp-content\/uploads\/2021\/06\/Guia-Aprenda-a-Planejar-a-Decoracao-da-sua-Casa-2.png",500,500,false],"woocommerce_thumbnail":["https:\/\/designpordentro.com.br\/loja\/wp-content\/uploads\/2021\/06\/Guia-Aprenda-a-Planejar-a-Decoracao-da-sua-Casa-2-324x324.png",324,324,true],"woocommerce_single":["https:\/\/designpordentro.com.br\/loja\/wp-content\/uploads\/2021\/06\/Guia-Aprenda-a-Planejar-a-Decoracao-da-sua-Casa-2-416x416.png",416,416,true],"woocommerce_gallery_thumbnail":["https:\/\/designpordentro.com.br\/loja\/wp-content\/uploads\/2021\/06\/Guia-Aprenda-a-Planejar-a-Decoracao-da-sua-Casa-2-100x100.png",100,100,true]},"post_excerpt_stackable_v2":"<div class=\"woocommerce-product-details__short-description\">\n<p>Acesse o ebook do curso\u00a0 &gt;\u00a0<a href=\"https:\/\/designpordentro.com.br\/loja\/wp-content\/uploads\/2024\/09\/EBOOK-DO-CURSO-Guia-Aprenda-a-Planejar-a-Decoracao-da-Sua-Casa.pdf\" target=\"_blank\" rel=\"noopener\">aqui<\/a>\u00a0&lt;<\/p>\n<\/div>\n<div class=\"quantity\"><\/div>\n","category_list_v2":"","author_info_v2":{"name":"","url":""},"comments_num_v2":"5 coment\u00e1rios","yoast_head":"<!-- This site is optimized with the Yoast SEO plugin v27.5 - https:\/\/yoast.com\/product\/yoast-seo-wordpress\/ -->\n<title>Como planejar cada ambiente da casa, para a decora\u00e7\u00e3o sair perfeita<\/title>\n<meta name=\"description\" content=\"como planejar cada ambiente da casa. Vamos abordar as quest\u00f5es ergon\u00f4micas e de circula\u00e7\u00e3o, ilumina\u00e7\u00e3o e muito mais!\" \/>\n<meta name=\"robots\" content=\"index, follow, max-snippet:-1, max-image-preview:large, max-video-preview:-1\" \/>\n<link rel=\"canonical\" href=\"https:\/\/designpordentro.com.br\/loja\/produto\/como-planejar-cada-ambiente-da-casa\/\" \/>\n<meta property=\"og:locale\" content=\"pt_BR\" \/>\n<meta property=\"og:type\" content=\"article\" \/>\n<meta property=\"og:title\" content=\"Como planejar cada ambiente da casa, para a decora\u00e7\u00e3o sair perfeita\" \/>\n<meta property=\"og:description\" content=\"como planejar cada ambiente da casa. Vamos abordar as quest\u00f5es ergon\u00f4micas e de circula\u00e7\u00e3o, ilumina\u00e7\u00e3o e muito mais!\" \/>\n<meta property=\"og:url\" content=\"https:\/\/designpordentro.com.br\/loja\/produto\/como-planejar-cada-ambiente-da-casa\/\" \/>\n<meta property=\"og:site_name\" content=\"Design por Dentro\" \/>\n<meta property=\"article:modified_time\" content=\"2025-12-06T12:14:21+00:00\" \/>\n<meta property=\"og:image\" content=\"https:\/\/designpordentro.com.br\/loja\/wp-content\/uploads\/2021\/06\/Guia-Aprenda-a-Planejar-a-Decoracao-da-sua-Casa-2.png\" \/>\n\t<meta property=\"og:image:width\" content=\"500\" \/>\n\t<meta property=\"og:image:height\" content=\"500\" \/>\n\t<meta property=\"og:image:type\" content=\"image\/png\" \/>\n<meta name=\"twitter:card\" content=\"summary_large_image\" \/>\n<meta name=\"twitter:label1\" content=\"Est. tempo de leitura\" \/>\n\t<meta name=\"twitter:data1\" content=\"2 minutos\" \/>\n<script type=\"application\/ld+json\" class=\"yoast-schema-graph\">{\"@context\":\"https:\\\/\\\/schema.org\",\"@graph\":[{\"@type\":\"WebPage\",\"@id\":\"https:\\\/\\\/designpordentro.com.br\\\/loja\\\/produto\\\/como-planejar-cada-ambiente-da-casa\\\/\",\"url\":\"https:\\\/\\\/designpordentro.com.br\\\/loja\\\/produto\\\/como-planejar-cada-ambiente-da-casa\\\/\",\"name\":\"Como planejar cada ambiente da casa, para a decora\u00e7\u00e3o sair perfeita\",\"isPartOf\":{\"@id\":\"https:\\\/\\\/designpordentro.com.br\\\/loja\\\/#website\"},\"primaryImageOfPage\":{\"@id\":\"https:\\\/\\\/designpordentro.com.br\\\/loja\\\/produto\\\/como-planejar-cada-ambiente-da-casa\\\/#primaryimage\"},\"image\":{\"@id\":\"https:\\\/\\\/designpordentro.com.br\\\/loja\\\/produto\\\/como-planejar-cada-ambiente-da-casa\\\/#primaryimage\"},\"thumbnailUrl\":\"https:\\\/\\\/designpordentro.com.br\\\/loja\\\/wp-content\\\/uploads\\\/2021\\\/06\\\/Guia-Aprenda-a-Planejar-a-Decoracao-da-sua-Casa-2.png\",\"datePublished\":\"2024-09-03T17:59:34+00:00\",\"dateModified\":\"2025-12-06T12:14:21+00:00\",\"description\":\"como planejar cada ambiente da casa. Vamos abordar as quest\u00f5es ergon\u00f4micas e de circula\u00e7\u00e3o, ilumina\u00e7\u00e3o e muito mais!\",\"breadcrumb\":{\"@id\":\"https:\\\/\\\/designpordentro.com.br\\\/loja\\\/produto\\\/como-planejar-cada-ambiente-da-casa\\\/#breadcrumb\"},\"inLanguage\":\"pt-BR\",\"potentialAction\":[{\"@type\":\"ReadAction\",\"target\":[\"https:\\\/\\\/designpordentro.com.br\\\/loja\\\/produto\\\/como-planejar-cada-ambiente-da-casa\\\/\"]}]},{\"@type\":\"ImageObject\",\"inLanguage\":\"pt-BR\",\"@id\":\"https:\\\/\\\/designpordentro.com.br\\\/loja\\\/produto\\\/como-planejar-cada-ambiente-da-casa\\\/#primaryimage\",\"url\":\"https:\\\/\\\/designpordentro.com.br\\\/loja\\\/wp-content\\\/uploads\\\/2021\\\/06\\\/Guia-Aprenda-a-Planejar-a-Decoracao-da-sua-Casa-2.png\",\"contentUrl\":\"https:\\\/\\\/designpordentro.com.br\\\/loja\\\/wp-content\\\/uploads\\\/2021\\\/06\\\/Guia-Aprenda-a-Planejar-a-Decoracao-da-sua-Casa-2.png\",\"width\":500,\"height\":500,\"caption\":\"Guia Aprenda a Planejar a Decora\u00e7\u00e3o da sua Casa\"},{\"@type\":\"BreadcrumbList\",\"@id\":\"https:\\\/\\\/designpordentro.com.br\\\/loja\\\/produto\\\/como-planejar-cada-ambiente-da-casa\\\/#breadcrumb\",\"itemListElement\":[{\"@type\":\"ListItem\",\"position\":1,\"name\":\"In\u00edcio\",\"item\":\"https:\\\/\\\/designpordentro.com.br\\\/loja\\\/\"},{\"@type\":\"ListItem\",\"position\":2,\"name\":\"Guia Aprenda a Planejar a Decora\u00e7\u00e3o da Sua Casa\"}]},{\"@type\":\"WebSite\",\"@id\":\"https:\\\/\\\/designpordentro.com.br\\\/loja\\\/#website\",\"url\":\"https:\\\/\\\/designpordentro.com.br\\\/loja\\\/\",\"name\":\"Design por Dentro\",\"description\":\"Levar conhecimento na \u00e1rea de decora\u00e7\u00e3o para voc\u00ea fazer melhores escolhas. Cursos e treinamento para os profissionais online  - Design Por Dentro Online\",\"publisher\":{\"@id\":\"https:\\\/\\\/designpordentro.com.br\\\/loja\\\/#organization\"},\"potentialAction\":[{\"@type\":\"SearchAction\",\"target\":{\"@type\":\"EntryPoint\",\"urlTemplate\":\"https:\\\/\\\/designpordentro.com.br\\\/loja\\\/?s={search_term_string}\"},\"query-input\":{\"@type\":\"PropertyValueSpecification\",\"valueRequired\":true,\"valueName\":\"search_term_string\"}}],\"inLanguage\":\"pt-BR\"},{\"@type\":\"Organization\",\"@id\":\"https:\\\/\\\/designpordentro.com.br\\\/loja\\\/#organization\",\"name\":\"Design por Dentro\",\"url\":\"https:\\\/\\\/designpordentro.com.br\\\/loja\\\/\",\"logo\":{\"@type\":\"ImageObject\",\"inLanguage\":\"pt-BR\",\"@id\":\"https:\\\/\\\/designpordentro.com.br\\\/loja\\\/#\\\/schema\\\/logo\\\/image\\\/\",\"url\":\"https:\\\/\\\/designpordentro.com.br\\\/loja\\\/wp-content\\\/uploads\\\/2021\\\/11\\\/cropped-Logo-DPD.png\",\"contentUrl\":\"https:\\\/\\\/designpordentro.com.br\\\/loja\\\/wp-content\\\/uploads\\\/2021\\\/11\\\/cropped-Logo-DPD.png\",\"width\":512,\"height\":512,\"caption\":\"Design por Dentro\"},\"image\":{\"@id\":\"https:\\\/\\\/designpordentro.com.br\\\/loja\\\/#\\\/schema\\\/logo\\\/image\\\/\"}}]}<\/script>\n<!-- \/ Yoast SEO plugin. -->","yoast_head_json":{"title":"Como planejar cada ambiente da casa, para a decora\u00e7\u00e3o sair perfeita","description":"como planejar cada ambiente da casa. Vamos abordar as quest\u00f5es ergon\u00f4micas e de circula\u00e7\u00e3o, ilumina\u00e7\u00e3o e muito mais!","robots":{"index":"index","follow":"follow","max-snippet":"max-snippet:-1","max-image-preview":"max-image-preview:large","max-video-preview":"max-video-preview:-1"},"canonical":"https:\/\/designpordentro.com.br\/loja\/produto\/como-planejar-cada-ambiente-da-casa\/","og_locale":"pt_BR","og_type":"article","og_title":"Como planejar cada ambiente da casa, para a decora\u00e7\u00e3o sair perfeita","og_description":"como planejar cada ambiente da casa. Vamos abordar as quest\u00f5es ergon\u00f4micas e de circula\u00e7\u00e3o, ilumina\u00e7\u00e3o e muito mais!","og_url":"https:\/\/designpordentro.com.br\/loja\/produto\/como-planejar-cada-ambiente-da-casa\/","og_site_name":"Design por Dentro","article_modified_time":"2025-12-06T12:14:21+00:00","og_image":[{"width":500,"height":500,"url":"https:\/\/designpordentro.com.br\/loja\/wp-content\/uploads\/2021\/06\/Guia-Aprenda-a-Planejar-a-Decoracao-da-sua-Casa-2.png","type":"image\/png"}],"twitter_card":"summary_large_image","twitter_misc":{"Est. tempo de leitura":"2 minutos"},"schema":{"@context":"https:\/\/schema.org","@graph":[{"@type":"WebPage","@id":"https:\/\/designpordentro.com.br\/loja\/produto\/como-planejar-cada-ambiente-da-casa\/","url":"https:\/\/designpordentro.com.br\/loja\/produto\/como-planejar-cada-ambiente-da-casa\/","name":"Como planejar cada ambiente da casa, para a decora\u00e7\u00e3o sair perfeita","isPartOf":{"@id":"https:\/\/designpordentro.com.br\/loja\/#website"},"primaryImageOfPage":{"@id":"https:\/\/designpordentro.com.br\/loja\/produto\/como-planejar-cada-ambiente-da-casa\/#primaryimage"},"image":{"@id":"https:\/\/designpordentro.com.br\/loja\/produto\/como-planejar-cada-ambiente-da-casa\/#primaryimage"},"thumbnailUrl":"https:\/\/designpordentro.com.br\/loja\/wp-content\/uploads\/2021\/06\/Guia-Aprenda-a-Planejar-a-Decoracao-da-sua-Casa-2.png","datePublished":"2024-09-03T17:59:34+00:00","dateModified":"2025-12-06T12:14:21+00:00","description":"como planejar cada ambiente da casa. Vamos abordar as quest\u00f5es ergon\u00f4micas e de circula\u00e7\u00e3o, ilumina\u00e7\u00e3o e muito mais!","breadcrumb":{"@id":"https:\/\/designpordentro.com.br\/loja\/produto\/como-planejar-cada-ambiente-da-casa\/#breadcrumb"},"inLanguage":"pt-BR","potentialAction":[{"@type":"ReadAction","target":["https:\/\/designpordentro.com.br\/loja\/produto\/como-planejar-cada-ambiente-da-casa\/"]}]},{"@type":"ImageObject","inLanguage":"pt-BR","@id":"https:\/\/designpordentro.com.br\/loja\/produto\/como-planejar-cada-ambiente-da-casa\/#primaryimage","url":"https:\/\/designpordentro.com.br\/loja\/wp-content\/uploads\/2021\/06\/Guia-Aprenda-a-Planejar-a-Decoracao-da-sua-Casa-2.png","contentUrl":"https:\/\/designpordentro.com.br\/loja\/wp-content\/uploads\/2021\/06\/Guia-Aprenda-a-Planejar-a-Decoracao-da-sua-Casa-2.png","width":500,"height":500,"caption":"Guia Aprenda a Planejar a Decora\u00e7\u00e3o da sua Casa"},{"@type":"BreadcrumbList","@id":"https:\/\/designpordentro.com.br\/loja\/produto\/como-planejar-cada-ambiente-da-casa\/#breadcrumb","itemListElement":[{"@type":"ListItem","position":1,"name":"In\u00edcio","item":"https:\/\/designpordentro.com.br\/loja\/"},{"@type":"ListItem","position":2,"name":"Guia Aprenda a Planejar a Decora\u00e7\u00e3o da Sua Casa"}]},{"@type":"WebSite","@id":"https:\/\/designpordentro.com.br\/loja\/#website","url":"https:\/\/designpordentro.com.br\/loja\/","name":"Design por Dentro","description":"Levar conhecimento na \u00e1rea de decora\u00e7\u00e3o para voc\u00ea fazer melhores escolhas. Cursos e treinamento para os profissionais online  - Design Por Dentro Online","publisher":{"@id":"https:\/\/designpordentro.com.br\/loja\/#organization"},"potentialAction":[{"@type":"SearchAction","target":{"@type":"EntryPoint","urlTemplate":"https:\/\/designpordentro.com.br\/loja\/?s={search_term_string}"},"query-input":{"@type":"PropertyValueSpecification","valueRequired":true,"valueName":"search_term_string"}}],"inLanguage":"pt-BR"},{"@type":"Organization","@id":"https:\/\/designpordentro.com.br\/loja\/#organization","name":"Design por Dentro","url":"https:\/\/designpordentro.com.br\/loja\/","logo":{"@type":"ImageObject","inLanguage":"pt-BR","@id":"https:\/\/designpordentro.com.br\/loja\/#\/schema\/logo\/image\/","url":"https:\/\/designpordentro.com.br\/loja\/wp-content\/uploads\/2021\/11\/cropped-Logo-DPD.png","contentUrl":"https:\/\/designpordentro.com.br\/loja\/wp-content\/uploads\/2021\/11\/cropped-Logo-DPD.png","width":512,"height":512,"caption":"Design por Dentro"},"image":{"@id":"https:\/\/designpordentro.com.br\/loja\/#\/schema\/logo\/image\/"}}]}},"_links":{"self":[{"href":"https:\/\/designpordentro.com.br\/loja\/wp-json\/wp\/v2\/product\/96","targetHints":{"allow":["GET"]}}],"collection":[{"href":"https:\/\/designpordentro.com.br\/loja\/wp-json\/wp\/v2\/product"}],"about":[{"href":"https:\/\/designpordentro.com.br\/loja\/wp-json\/wp\/v2\/types\/product"}],"replies":[{"embeddable":true,"href":"https:\/\/designpordentro.com.br\/loja\/wp-json\/wp\/v2\/comments?post=96"}],"wp:featuredmedia":[{"embeddable":true,"href":"https:\/\/designpordentro.com.br\/loja\/wp-json\/wp\/v2\/media\/3430"}],"wp:attachment":[{"href":"https:\/\/designpordentro.com.br\/loja\/wp-json\/wp\/v2\/media?parent=96"}],"wp:term":[{"taxonomy":"product_brand","embeddable":true,"href":"https:\/\/designpordentro.com.br\/loja\/wp-json\/wp\/v2\/product_brand?post=96"},{"taxonomy":"product_cat","embeddable":true,"href":"https:\/\/designpordentro.com.br\/loja\/wp-json\/wp\/v2\/product_cat?post=96"},{"taxonomy":"product_tag","embeddable":true,"href":"https:\/\/designpordentro.com.br\/loja\/wp-json\/wp\/v2\/product_tag?post=96"}],"curies":[{"name":"wp","href":"https:\/\/api.w.org\/{rel}","templated":true}]}}